{"id":4901,"date":"2026-03-23T10:33:18","date_gmt":"2026-03-23T10:33:18","guid":{"rendered":"https:\/\/www.mefamo.be\/offscreen\/?page_id=4901"},"modified":"2026-03-23T15:37:13","modified_gmt":"2026-03-23T15:37:13","slug":"08-04-delusion-of-democracy","status":"publish","type":"page","link":"https:\/\/www.mefamo.be\/offscreen\/?page_id=4901","title":{"rendered":"08\/04 &#8211; Conf\u00e9rence &#8211; Only in America ? Les d\u00e9sillusions de la d\u00e9mocratie"},"content":{"rendered":"\t\t<div data-elementor-type=\"wp-page\" data-elementor-id=\"4901\" class=\"elementor elementor-4901\">\n\t\t\t\t\t\t<section class=\"elementor-section elementor-top-section elementor-element elementor-element-11f1b98 elementor-section-boxed elementor-section-height-default elementor-section-height-default\" data-id=\"11f1b98\" data-element_type=\"section\">\n\t\t\t\t\t\t<div class=\"elementor-container elementor-column-gap-default\">\n\t\t\t\t\t<div class=\"elementor-column elementor-col-100 elementor-top-column elementor-element elementor-element-480d6d4\" data-id=\"480d6d4\" data-element_type=\"column\">\n\t\t\t<div class=\"elementor-widget-wrap elementor-element-populated\">\n\t\t\t\t\t\t<div class=\"elementor-element elementor-element-88e80f2 elementor-widget elementor-widget-image\" data-id=\"88e80f2\" data-element_type=\"widget\" data-widget_type=\"image.default\">\n\t\t\t\t<div class=\"elementor-widget-container\">\n\t\t\t<style>\/*! elementor - v3.19.0 - 26-02-2024 *\/\n.elementor-widget-image{text-align:center}.elementor-widget-image a{display:inline-block}.elementor-widget-image a img[src$=\".svg\"]{width:48px}.elementor-widget-image img{vertical-align:middle;display:inline-block}<\/style>\t\t\t\t\t\t\t\t\t\t<img fetchpriority=\"high\" decoding=\"async\" width=\"350\" height=\"247\" src=\"https:\/\/www.mefamo.be\/offscreen\/wp-content\/uploads\/2026\/03\/winter-kills_duuvhu.jpg\" class=\"attachment-medium_large size-medium_large wp-image-4912\" alt=\"\" srcset=\"https:\/\/www.mefamo.be\/offscreen\/wp-content\/uploads\/2026\/03\/winter-kills_duuvhu.jpg 350w, https:\/\/www.mefamo.be\/offscreen\/wp-content\/uploads\/2026\/03\/winter-kills_duuvhu-300x212.jpg 300w, https:\/\/www.mefamo.be\/offscreen\/wp-content\/uploads\/2026\/03\/winter-kills_duuvhu-150x106.jpg 150w\" sizes=\"(max-width: 350px) 100vw, 350px\" \/>\t\t\t\t\t\t\t\t\t\t\t\t\t<\/div>\n\t\t\t\t<\/div>\n\t\t\t\t<div class=\"elementor-element elementor-element-6026b2d elementor-widget elementor-widget-heading\" data-id=\"6026b2d\" data-element_type=\"widget\" data-widget_type=\"heading.default\">\n\t\t\t\t<div class=\"elementor-widget-container\">\n\t\t\t<style>\/*! elementor - v3.19.0 - 26-02-2024 *\/\n.elementor-heading-title{padding:0;margin:0;line-height:1}.elementor-widget-heading .elementor-heading-title[class*=elementor-size-]>a{color:inherit;font-size:inherit;line-height:inherit}.elementor-widget-heading .elementor-heading-title.elementor-size-small{font-size:15px}.elementor-widget-heading .elementor-heading-title.elementor-size-medium{font-size:19px}.elementor-widget-heading .elementor-heading-title.elementor-size-large{font-size:29px}.elementor-widget-heading .elementor-heading-title.elementor-size-xl{font-size:39px}.elementor-widget-heading .elementor-heading-title.elementor-size-xxl{font-size:59px}<\/style><h2 class=\"elementor-heading-title elementor-size-default\">Cin\u00e9conf\u00e9rence de Robin royer, dans le cadre du Festival Offscreen Li\u00e8ge.&nbsp;<\/h2>\t\t<\/div>\n\t\t\t\t<\/div>\n\t\t\t\t<div class=\"elementor-element elementor-element-8b5559e elementor-widget elementor-widget-spacer\" data-id=\"8b5559e\" data-element_type=\"widget\" data-widget_type=\"spacer.default\">\n\t\t\t\t<div class=\"elementor-widget-container\">\n\t\t\t<style>\/*! elementor - v3.19.0 - 26-02-2024 *\/\n.elementor-column .elementor-spacer-inner{height:var(--spacer-size)}.e-con{--container-widget-width:100%}.e-con-inner>.elementor-widget-spacer,.e-con>.elementor-widget-spacer{width:var(--container-widget-width,var(--spacer-size));--align-self:var(--container-widget-align-self,initial);--flex-shrink:0}.e-con-inner>.elementor-widget-spacer>.elementor-widget-container,.e-con>.elementor-widget-spacer>.elementor-widget-container{height:100%;width:100%}.e-con-inner>.elementor-widget-spacer>.elementor-widget-container>.elementor-spacer,.e-con>.elementor-widget-spacer>.elementor-widget-container>.elementor-spacer{height:100%}.e-con-inner>.elementor-widget-spacer>.elementor-widget-container>.elementor-spacer>.elementor-spacer-inner,.e-con>.elementor-widget-spacer>.elementor-widget-container>.elementor-spacer>.elementor-spacer-inner{height:var(--container-widget-height,var(--spacer-size))}.e-con-inner>.elementor-widget-spacer.elementor-widget-empty,.e-con>.elementor-widget-spacer.elementor-widget-empty{position:relative;min-height:22px;min-width:22px}.e-con-inner>.elementor-widget-spacer.elementor-widget-empty .elementor-widget-empty-icon,.e-con>.elementor-widget-spacer.elementor-widget-empty .elementor-widget-empty-icon{position:absolute;top:0;bottom:0;left:0;right:0;margin:auto;padding:0;width:22px;height:22px}<\/style>\t\t<div class=\"elementor-spacer\">\n\t\t\t<div class=\"elementor-spacer-inner\"><\/div>\n\t\t<\/div>\n\t\t\t\t<\/div>\n\t\t\t\t<\/div>\n\t\t\t\t\t<\/div>\n\t\t<\/div>\n\t\t\t\t\t<\/div>\n\t\t<\/section>\n\t\t\t\t<section class=\"elementor-section elementor-top-section elementor-element elementor-element-4c0c845 elementor-section-boxed elementor-section-height-default elementor-section-height-default\" data-id=\"4c0c845\" data-element_type=\"section\">\n\t\t\t\t\t\t<div class=\"elementor-container elementor-column-gap-default\">\n\t\t\t\t\t<div class=\"elementor-column elementor-col-100 elementor-top-column elementor-element elementor-element-2e369df\" data-id=\"2e369df\" data-element_type=\"column\">\n\t\t\t<div class=\"elementor-widget-wrap elementor-element-populated\">\n\t\t\t\t\t\t<div class=\"elementor-element elementor-element-0a062a3 elementor-widget elementor-widget-heading\" data-id=\"0a062a3\" data-element_type=\"widget\" data-widget_type=\"heading.default\">\n\t\t\t\t<div class=\"elementor-widget-container\">\n\t\t\t<h2 class=\"elementor-heading-title elementor-size-default\">Pr\u00e9sentation<\/h2>\t\t<\/div>\n\t\t\t\t<\/div>\n\t\t\t\t<div class=\"elementor-element elementor-element-1d2edbd elementor-widget elementor-widget-text-editor\" data-id=\"1d2edbd\" data-element_type=\"widget\" data-widget_type=\"text-editor.default\">\n\t\t\t\t<div class=\"elementor-widget-container\">\n\t\t\t<style>\/*! elementor - v3.19.0 - 26-02-2024 *\/\n.elementor-widget-text-editor.elementor-drop-cap-view-stacked .elementor-drop-cap{background-color:#69727d;color:#fff}.elementor-widget-text-editor.elementor-drop-cap-view-framed .elementor-drop-cap{color:#69727d;border:3px solid;background-color:transparent}.elementor-widget-text-editor:not(.elementor-drop-cap-view-default) .elementor-drop-cap{margin-top:8px}.elementor-widget-text-editor:not(.elementor-drop-cap-view-default) .elementor-drop-cap-letter{width:1em;height:1em}.elementor-widget-text-editor .elementor-drop-cap{float:left;text-align:center;line-height:1;font-size:50px}.elementor-widget-text-editor .elementor-drop-cap-letter{display:inline-block}<\/style>\t\t\t\t<p>L\u2019optimisme des ann\u00e9es 60, marqu\u00e9es par la r\u00e9volution sexuelle, les mouvements pour les droits civiques et le premier pas sur la lune, prend fin brutalement: le massacre de M\u1ef9 Lai au Vietnam, l\u2019assassinat de Martin Luther King Jr. et de Robert Kennedy, les crimes de Charles Manson et la fusillade de l&rsquo;universit\u00e9 d&rsquo;\u00c9tat de Kent mettent un point brutal aux id\u00e9aux de cette d\u00e9cennie. \u00c0 l\u2019\u00e9t\u00e9 1969, les Am\u00e9ricains traversent ce qui s\u2019apparente \u00e0 une guerre civile, regard\u00e9e par la majorit\u00e9 silencieuse comme une orgie de sexe, de violence et de drogue. La d\u00e9sillusion est totale lorsque l\u2019embargo p\u00e9trolier impos\u00e9 aux pays arabes acc\u00e9l\u00e8re l\u2019inflation et aggrave la pauvret\u00e9 et le ch\u00f4mage. S\u2019ensuit une v\u00e9ritable crise psychologique, marqu\u00e9e par les th\u00e9ories du complot et la parano\u00efa. Avec le retrait du Vietnam et la d\u00e9mission du pr\u00e9sident Nixon, commence une qu\u00eate d\u00e9sesp\u00e9r\u00e9e d\u2019un nouveau r\u00e9cit national, qui ne se concr\u00e9tisera qu\u2019avec l\u2019\u00e9lection de Ronald Reagan en 1980. Avant cela, les ann\u00e9es 1970 seront marqu\u00e9es par la commercialisation de la contre-culture, l\u2019\u00e9mergence des Black Panthers, une conscience de classe renouvel\u00e9e et la fusion du show-business et de la politique en une machine \u00e0 divertissement parfaitement huil\u00e9e. L\u2019\u00e9lection de Ronald Reagan, acteur de s\u00e9rie B au sourire toujours radieux, fervent \u00e9vang\u00e9lisateur d\u2019un capitalisme glorifi\u00e9 et d\u2019un patriotisme militaris\u00e9, soutenu par les m\u00e9dias et la devise \u00ab In God we Trust \u00bb, marque l\u2019av\u00e8nement de l\u2019id\u00e9ologie n\u00e9o-lib\u00e9rale dont nous vivons actuellement l\u2019apog\u00e9e. Grand acteur et illusionniste, Reagan parvient \u00e0 \u00e9touffer toute information g\u00eanante et \u00e0 camoufler la mainmise des puissances financi\u00e8res, militaires et post-industrielles sous une foi in\u00e9branlable dans l&rsquo;illusion de l&rsquo;exception am\u00e9ricaine et de la libert\u00e9 absolue. Gr\u00e2ce \u00e0 cette r\u00e9\u00e9criture de l&rsquo;histoire, teint\u00e9e d&rsquo;une nostalgie des \u00ab Happy Days \u00bb des ann\u00e9es 1950, Reagan \u00e9crit le conte d&rsquo;une Pax Americana imaginaire.\u2028\u00a0<\/p><p>\u2028Les ann\u00e9es 70 sont une p\u00e9riode charni\u00e8re de transitions tumultueuses, qui se traduisent au cin\u00e9ma par des repr\u00e9sentations souvent contradictoires. Dans les salles de cin\u00e9ma, les films catastrophes, l\u2019horreur satanique, Dirty Harry et Rocky Balboa sont les rendez-vous des am\u00e9ricains. Mais la multiplication des cin\u00e9mas d\u2019exploitation urbains et le bref \u00e2ge d\u2019or du Nouvel Hollywood, suppos\u00e9ment ind\u00e9pendant, contrastent avec l&rsquo;in\u00e9vitable mont\u00e9e en puissance des superproductions financ\u00e9es par des capitaux-risqueurs, \u00e0 l&rsquo;instar des Dents de la Mer ou de Star Wars. La s\u00e9lection de ce module th\u00e9matique se focalise sur le paranoia thriller politique, une tendance n\u00e9e du scandale de Watergate.<\/p><p><br \/>Offscreen Li\u00e8ge est la d\u00e9localisation li\u00e9geoise, \u00ab\u00a0mini-version du festival\u00a0\u00bb, du Festival Offscreen, qui se tient \u00e0 Bruxelles du 11 au 29 mars.<\/p><p>Avec le soutien de <a href=\"https:\/\/www.provincedeliege.be\/fr\">La Biblioth\u00e8que des Litt\u00e9ratures d&rsquo;Aventure <\/a> et de <a href=\"https:\/\/www.bila.ink\">la Province de Li\u00e8ge &#8211; Culture. <\/a><\/p>\t\t\t\t\t\t<\/div>\n\t\t\t\t<\/div>\n\t\t\t\t\t<\/div>\n\t\t<\/div>\n\t\t\t\t\t<\/div>\n\t\t<\/section>\n\t\t\t\t<section class=\"elementor-section elementor-top-section elementor-element elementor-element-f2037df elementor-section-boxed elementor-section-height-default elementor-section-height-default\" data-id=\"f2037df\" data-element_type=\"section\">\n\t\t\t\t\t\t<div class=\"elementor-container elementor-column-gap-default\">\n\t\t\t\t\t<div class=\"elementor-column elementor-col-100 elementor-top-column elementor-element elementor-element-eef11fa\" data-id=\"eef11fa\" data-element_type=\"column\">\n\t\t\t<div class=\"elementor-widget-wrap elementor-element-populated\">\n\t\t\t\t\t\t<section class=\"elementor-section elementor-inner-section elementor-element elementor-element-bb0d2aa elementor-section-boxed elementor-section-height-default elementor-section-height-default\" data-id=\"bb0d2aa\" data-element_type=\"section\">\n\t\t\t\t\t\t<div class=\"elementor-container elementor-column-gap-default\">\n\t\t\t\t\t<div class=\"elementor-column elementor-col-50 elementor-inner-column elementor-element elementor-element-3286e8a\" data-id=\"3286e8a\" data-element_type=\"column\">\n\t\t\t<div class=\"elementor-widget-wrap\">\n\t\t\t\t\t\t\t<\/div>\n\t\t<\/div>\n\t\t\t\t<div class=\"elementor-column elementor-col-50 elementor-inner-column elementor-element elementor-element-ef7e150\" data-id=\"ef7e150\" data-element_type=\"column\">\n\t\t\t<div class=\"elementor-widget-wrap elementor-element-populated\">\n\t\t\t\t\t\t<div class=\"elementor-element elementor-element-4c00ffa elementor-widget elementor-widget-text-editor\" data-id=\"4c00ffa\" data-element_type=\"widget\" data-widget_type=\"text-editor.default\">\n\t\t\t\t<div class=\"elementor-widget-container\">\n\t\t\t\t\t\t\t<p>INFOS PRATIQUES<\/p>\t\t\t\t\t\t<\/div>\n\t\t\t\t<\/div>\n\t\t\t\t<div class=\"elementor-element elementor-element-a71bdb0 elementor-widget-tablet__width-initial elementor-widget-mobile__width-initial elementor-widget elementor-widget-text-editor\" data-id=\"a71bdb0\" data-element_type=\"widget\" data-widget_type=\"text-editor.default\">\n\t\t\t\t<div class=\"elementor-widget-container\">\n\t\t\t\t\t\t\t<p style=\"text-align: left;\">O\u00f9 : <a href=\"https:\/\/b3.provincedeliege.be\/\">B3<\/a>, 1 Place des Arts 4020 Li\u00e8ge<\/p><p style=\"text-align: left;\">Quand : Mercredi 8 avril \u00e0 15h00<\/p><p>Prix : Gratuit<\/p><p style=\"text-align: left;\">Pr\u00e9sent\u00e9 par Robin Royer<\/p>\t\t\t\t\t\t<\/div>\n\t\t\t\t<\/div>\n\t\t\t\t\t<\/div>\n\t\t<\/div>\n\t\t\t\t\t<\/div>\n\t\t<\/section>\n\t\t\t\t<div class=\"elementor-element elementor-element-943c640 elementor-widget elementor-widget-spacer\" data-id=\"943c640\" data-element_type=\"widget\" data-widget_type=\"spacer.default\">\n\t\t\t\t<div class=\"elementor-widget-container\">\n\t\t\t\t\t<div class=\"elementor-spacer\">\n\t\t\t<div class=\"elementor-spacer-inner\"><\/div>\n\t\t<\/div>\n\t\t\t\t<\/div>\n\t\t\t\t<\/div>\n\t\t\t\t\t<\/div>\n\t\t<\/div>\n\t\t\t\t\t<\/div>\n\t\t<\/section>\n\t\t\t\t<\/div>\n\t\t","protected":false},"excerpt":{"rendered":"<p>Cin\u00e9conf\u00e9rence de Robin royer, dans le cadre du Festival Offscreen Li\u00e8ge.&nbsp; Pr\u00e9sentation L\u2019optimisme des ann\u00e9es&hellip;<\/p>\n","protected":false},"author":1,"featured_media":0,"parent":0,"menu_order":0,"comment_status":"closed","ping_status":"closed","template":"","meta":{"footnotes":""},"jetpack_sharing_enabled":true,"_links":{"self":[{"href":"https:\/\/www.mefamo.be\/offscreen\/index.php?rest_route=\/wp\/v2\/pages\/4901"}],"collection":[{"href":"https:\/\/www.mefamo.be\/offscreen\/index.php?rest_route=\/wp\/v2\/pages"}],"about":[{"href":"https:\/\/www.mefamo.be\/offscreen\/index.php?rest_route=\/wp\/v2\/types\/page"}],"author":[{"embeddable":true,"href":"https:\/\/www.mefamo.be\/offscreen\/index.php?rest_route=\/wp\/v2\/users\/1"}],"replies":[{"embeddable":true,"href":"https:\/\/www.mefamo.be\/offscreen\/index.php?rest_route=%2Fwp%2Fv2%2Fcomments&post=4901"}],"version-history":[{"count":25,"href":"https:\/\/www.mefamo.be\/offscreen\/index.php?rest_route=\/wp\/v2\/pages\/4901\/revisions"}],"predecessor-version":[{"id":4986,"href":"https:\/\/www.mefamo.be\/offscreen\/index.php?rest_route=\/wp\/v2\/pages\/4901\/revisions\/4986"}],"wp:attachment":[{"href":"https:\/\/www.mefamo.be\/offscreen\/index.php?rest_route=%2Fwp%2Fv2%2Fmedia&parent=4901"}],"curies":[{"name":"wp","href":"https:\/\/api.w.org\/{rel}","templated":true}]}}