{"id":4895,"date":"2026-03-23T10:31:10","date_gmt":"2026-03-23T10:31:10","guid":{"rendered":"https:\/\/www.mefamo.be\/offscreen\/?page_id=4895"},"modified":"2026-03-23T19:47:32","modified_gmt":"2026-03-23T19:47:32","slug":"08-04-john-woo-heroic-bloodshed","status":"publish","type":"page","link":"https:\/\/www.mefamo.be\/offscreen\/?page_id=4895","title":{"rendered":"08\/04 &#8211; Conf\u00e9rence &#8211; John Woo : \u00e0 toute \u00e9preuve !"},"content":{"rendered":"\t\t<div data-elementor-type=\"wp-page\" data-elementor-id=\"4895\" class=\"elementor elementor-4895\">\n\t\t\t\t\t\t<section class=\"elementor-section elementor-top-section elementor-element elementor-element-11f1b98 elementor-section-boxed elementor-section-height-default elementor-section-height-default\" data-id=\"11f1b98\" data-element_type=\"section\">\n\t\t\t\t\t\t<div class=\"elementor-container elementor-column-gap-default\">\n\t\t\t\t\t<div class=\"elementor-column elementor-col-100 elementor-top-column elementor-element elementor-element-480d6d4\" data-id=\"480d6d4\" data-element_type=\"column\">\n\t\t\t<div class=\"elementor-widget-wrap elementor-element-populated\">\n\t\t\t\t\t\t<div class=\"elementor-element elementor-element-88e80f2 elementor-widget elementor-widget-image\" data-id=\"88e80f2\" data-element_type=\"widget\" data-widget_type=\"image.default\">\n\t\t\t\t<div class=\"elementor-widget-container\">\n\t\t\t<style>\/*! elementor - v3.19.0 - 26-02-2024 *\/\n.elementor-widget-image{text-align:center}.elementor-widget-image a{display:inline-block}.elementor-widget-image a img[src$=\".svg\"]{width:48px}.elementor-widget-image img{vertical-align:middle;display:inline-block}<\/style>\t\t\t\t\t\t\t\t\t\t<img fetchpriority=\"high\" decoding=\"async\" width=\"350\" height=\"238\" src=\"https:\/\/www.mefamo.be\/offscreen\/wp-content\/uploads\/2026\/03\/john-woo.jpg\" class=\"attachment-medium_large size-medium_large wp-image-4905\" alt=\"\" srcset=\"https:\/\/www.mefamo.be\/offscreen\/wp-content\/uploads\/2026\/03\/john-woo.jpg 350w, https:\/\/www.mefamo.be\/offscreen\/wp-content\/uploads\/2026\/03\/john-woo-300x204.jpg 300w, https:\/\/www.mefamo.be\/offscreen\/wp-content\/uploads\/2026\/03\/john-woo-150x102.jpg 150w\" sizes=\"(max-width: 350px) 100vw, 350px\" \/>\t\t\t\t\t\t\t\t\t\t\t\t\t<\/div>\n\t\t\t\t<\/div>\n\t\t\t\t<div class=\"elementor-element elementor-element-6026b2d elementor-widget elementor-widget-heading\" data-id=\"6026b2d\" data-element_type=\"widget\" data-widget_type=\"heading.default\">\n\t\t\t\t<div class=\"elementor-widget-container\">\n\t\t\t<style>\/*! elementor - v3.19.0 - 26-02-2024 *\/\n.elementor-heading-title{padding:0;margin:0;line-height:1}.elementor-widget-heading .elementor-heading-title[class*=elementor-size-]>a{color:inherit;font-size:inherit;line-height:inherit}.elementor-widget-heading .elementor-heading-title.elementor-size-small{font-size:15px}.elementor-widget-heading .elementor-heading-title.elementor-size-medium{font-size:19px}.elementor-widget-heading .elementor-heading-title.elementor-size-large{font-size:29px}.elementor-widget-heading .elementor-heading-title.elementor-size-xl{font-size:39px}.elementor-widget-heading .elementor-heading-title.elementor-size-xxl{font-size:59px}<\/style><h2 class=\"elementor-heading-title elementor-size-default\">cin\u00e9conf\u00e9rence de Christophe Mavroudis dans le cadre du festival offscreen li\u00e8ge. <\/h2>\t\t<\/div>\n\t\t\t\t<\/div>\n\t\t\t\t<div class=\"elementor-element elementor-element-8b5559e elementor-widget elementor-widget-spacer\" data-id=\"8b5559e\" data-element_type=\"widget\" data-widget_type=\"spacer.default\">\n\t\t\t\t<div class=\"elementor-widget-container\">\n\t\t\t<style>\/*! elementor - v3.19.0 - 26-02-2024 *\/\n.elementor-column .elementor-spacer-inner{height:var(--spacer-size)}.e-con{--container-widget-width:100%}.e-con-inner>.elementor-widget-spacer,.e-con>.elementor-widget-spacer{width:var(--container-widget-width,var(--spacer-size));--align-self:var(--container-widget-align-self,initial);--flex-shrink:0}.e-con-inner>.elementor-widget-spacer>.elementor-widget-container,.e-con>.elementor-widget-spacer>.elementor-widget-container{height:100%;width:100%}.e-con-inner>.elementor-widget-spacer>.elementor-widget-container>.elementor-spacer,.e-con>.elementor-widget-spacer>.elementor-widget-container>.elementor-spacer{height:100%}.e-con-inner>.elementor-widget-spacer>.elementor-widget-container>.elementor-spacer>.elementor-spacer-inner,.e-con>.elementor-widget-spacer>.elementor-widget-container>.elementor-spacer>.elementor-spacer-inner{height:var(--container-widget-height,var(--spacer-size))}.e-con-inner>.elementor-widget-spacer.elementor-widget-empty,.e-con>.elementor-widget-spacer.elementor-widget-empty{position:relative;min-height:22px;min-width:22px}.e-con-inner>.elementor-widget-spacer.elementor-widget-empty .elementor-widget-empty-icon,.e-con>.elementor-widget-spacer.elementor-widget-empty .elementor-widget-empty-icon{position:absolute;top:0;bottom:0;left:0;right:0;margin:auto;padding:0;width:22px;height:22px}<\/style>\t\t<div class=\"elementor-spacer\">\n\t\t\t<div class=\"elementor-spacer-inner\"><\/div>\n\t\t<\/div>\n\t\t\t\t<\/div>\n\t\t\t\t<\/div>\n\t\t\t\t\t<\/div>\n\t\t<\/div>\n\t\t\t\t\t<\/div>\n\t\t<\/section>\n\t\t\t\t<section class=\"elementor-section elementor-top-section elementor-element elementor-element-4c0c845 elementor-section-boxed elementor-section-height-default elementor-section-height-default\" data-id=\"4c0c845\" data-element_type=\"section\">\n\t\t\t\t\t\t<div class=\"elementor-container elementor-column-gap-default\">\n\t\t\t\t\t<div class=\"elementor-column elementor-col-100 elementor-top-column elementor-element elementor-element-2e369df\" data-id=\"2e369df\" data-element_type=\"column\">\n\t\t\t<div class=\"elementor-widget-wrap elementor-element-populated\">\n\t\t\t\t\t\t<div class=\"elementor-element elementor-element-0a062a3 elementor-widget elementor-widget-heading\" data-id=\"0a062a3\" data-element_type=\"widget\" data-widget_type=\"heading.default\">\n\t\t\t\t<div class=\"elementor-widget-container\">\n\t\t\t<h2 class=\"elementor-heading-title elementor-size-default\">Pr\u00e9sentation<\/h2>\t\t<\/div>\n\t\t\t\t<\/div>\n\t\t\t\t<div class=\"elementor-element elementor-element-1d2edbd elementor-widget elementor-widget-text-editor\" data-id=\"1d2edbd\" data-element_type=\"widget\" data-widget_type=\"text-editor.default\">\n\t\t\t\t<div class=\"elementor-widget-container\">\n\t\t\t<style>\/*! elementor - v3.19.0 - 26-02-2024 *\/\n.elementor-widget-text-editor.elementor-drop-cap-view-stacked .elementor-drop-cap{background-color:#69727d;color:#fff}.elementor-widget-text-editor.elementor-drop-cap-view-framed .elementor-drop-cap{color:#69727d;border:3px solid;background-color:transparent}.elementor-widget-text-editor:not(.elementor-drop-cap-view-default) .elementor-drop-cap{margin-top:8px}.elementor-widget-text-editor:not(.elementor-drop-cap-view-default) .elementor-drop-cap-letter{width:1em;height:1em}.elementor-widget-text-editor .elementor-drop-cap{float:left;text-align:center;line-height:1;font-size:50px}.elementor-widget-text-editor .elementor-drop-cap-letter{display:inline-block}<\/style>\t\t\t\t<p>John Woo nait \u00e0 Guangzhou, Chine, en 1946. Il s&rsquo;installe \u00e0 Hong Kong \u00e0 la fin des ann\u00e9es 60 pour y devenir assistant r\u00e9alisateur aux studios Shaw Brothers. C&rsquo;est durant la m\u00eame p\u00e9riode qu&rsquo;il se nourrit de l&rsquo;esprit subversif de la Nouvelle Vague fran\u00e7aise. Plus tard, ses films seront influenc\u00e9s par Sam Peckinpah, Jean-Pierre Melville ou Akira Kurosawa. \u00c0 partir du milieu des ann\u00e9es 80 ses films d&rsquo;actions, de plus en plus reconnus, deviennent aussi de plus en plus charg\u00e9s en h\u00e9moglobine. Ses r\u00e9cits sont peupl\u00e9s d&rsquo;antih\u00e9ros \u00e9voluant dans les bas-fonds d&rsquo;un Hong-Kong moderne, mais agissant selon les codes chevaleresques des fictions de genre chinoises.<\/p><p>La marque de fabrique de Woo : des ballets de cascades m\u00e9ticuleusement chor\u00e9graphi\u00e9es et au rythme fr\u00e9n\u00e9tique, sur fond de liens \u00e9motionnels intenses entre des personnages masculins. Le r\u00e9sultat : une fusion fascinante d&rsquo;action et d&rsquo;\u00e9motion, qui a propuls\u00e9 le charismatique Chow Yun-Fat au rang de superstar. Les films de Woo, appel\u00e9s \u00ab\u00a0heroic bloodshed\u00a0\u00bb par ses fans, ont laiss\u00e9 une marque ind\u00e9l\u00e9bile sur le film d&rsquo;action hollywoodien, inspirant de nombreux films, de ceux de Tarantino \u00e0 Matrix en passant par John Wick.<\/p><p>Offscreen Li\u00e8ge est la d\u00e9localisation li\u00e9geoise, \u00ab\u00a0mini-version du festival\u00a0\u00bb, du Festival Offscreen, qui se tient \u00e0 Bruxelles du 11 au 29 mars.<\/p><p>Avec le soutien de <a href=\"https:\/\/www.provincedeliege.be\/fr\">La Biblioth\u00e8que des Litt\u00e9ratures d&rsquo;Aventure <\/a> et de <a href=\"https:\/\/www.bila.ink\">la Province de Li\u00e8ge &#8211; Culture. <\/a><\/p>\t\t\t\t\t\t<\/div>\n\t\t\t\t<\/div>\n\t\t\t\t\t<\/div>\n\t\t<\/div>\n\t\t\t\t\t<\/div>\n\t\t<\/section>\n\t\t\t\t<section class=\"elementor-section elementor-top-section elementor-element elementor-element-f2037df elementor-section-boxed elementor-section-height-default elementor-section-height-default\" data-id=\"f2037df\" data-element_type=\"section\">\n\t\t\t\t\t\t<div class=\"elementor-container elementor-column-gap-default\">\n\t\t\t\t\t<div class=\"elementor-column elementor-col-100 elementor-top-column elementor-element elementor-element-eef11fa\" data-id=\"eef11fa\" data-element_type=\"column\">\n\t\t\t<div class=\"elementor-widget-wrap elementor-element-populated\">\n\t\t\t\t\t\t<section class=\"elementor-section elementor-inner-section elementor-element elementor-element-bb0d2aa elementor-section-boxed elementor-section-height-default elementor-section-height-default\" data-id=\"bb0d2aa\" data-element_type=\"section\">\n\t\t\t\t\t\t<div class=\"elementor-container elementor-column-gap-default\">\n\t\t\t\t\t<div class=\"elementor-column elementor-col-50 elementor-inner-column elementor-element elementor-element-3286e8a\" data-id=\"3286e8a\" data-element_type=\"column\">\n\t\t\t<div class=\"elementor-widget-wrap\">\n\t\t\t\t\t\t\t<\/div>\n\t\t<\/div>\n\t\t\t\t<div class=\"elementor-column elementor-col-50 elementor-inner-column elementor-element elementor-element-ef7e150\" data-id=\"ef7e150\" data-element_type=\"column\">\n\t\t\t<div class=\"elementor-widget-wrap elementor-element-populated\">\n\t\t\t\t\t\t<div class=\"elementor-element elementor-element-4c00ffa elementor-widget elementor-widget-text-editor\" data-id=\"4c00ffa\" data-element_type=\"widget\" data-widget_type=\"text-editor.default\">\n\t\t\t\t<div class=\"elementor-widget-container\">\n\t\t\t\t\t\t\t<p>INFOS PRATIQUES<\/p>\t\t\t\t\t\t<\/div>\n\t\t\t\t<\/div>\n\t\t\t\t<div class=\"elementor-element elementor-element-a71bdb0 elementor-widget-tablet__width-initial elementor-widget-mobile__width-initial elementor-widget elementor-widget-text-editor\" data-id=\"a71bdb0\" data-element_type=\"widget\" data-widget_type=\"text-editor.default\">\n\t\t\t\t<div class=\"elementor-widget-container\">\n\t\t\t\t\t\t\t<p style=\"text-align: left;\">O\u00f9 : <a href=\"https:\/\/b3.provincedeliege.be\/\">B3<\/a>, 1 Place des Arts 4020 Li\u00e8ge<\/p><p style=\"text-align: left;\">Quand : Mercredi 8 avril \u00e0 13h30<\/p><p>Prix : Gratuit<\/p><p style=\"text-align: left;\">Pr\u00e9sent\u00e9 par Christophe Mavroudis<\/p>\t\t\t\t\t\t<\/div>\n\t\t\t\t<\/div>\n\t\t\t\t\t<\/div>\n\t\t<\/div>\n\t\t\t\t\t<\/div>\n\t\t<\/section>\n\t\t\t\t<div class=\"elementor-element elementor-element-943c640 elementor-widget elementor-widget-spacer\" data-id=\"943c640\" data-element_type=\"widget\" data-widget_type=\"spacer.default\">\n\t\t\t\t<div class=\"elementor-widget-container\">\n\t\t\t\t\t<div class=\"elementor-spacer\">\n\t\t\t<div class=\"elementor-spacer-inner\"><\/div>\n\t\t<\/div>\n\t\t\t\t<\/div>\n\t\t\t\t<\/div>\n\t\t\t\t\t<\/div>\n\t\t<\/div>\n\t\t\t\t\t<\/div>\n\t\t<\/section>\n\t\t\t\t<\/div>\n\t\t","protected":false},"excerpt":{"rendered":"<p>cin\u00e9conf\u00e9rence de Christophe Mavroudis dans le cadre du festival offscreen li\u00e8ge. Pr\u00e9sentation John Woo nait&hellip;<\/p>\n","protected":false},"author":1,"featured_media":0,"parent":0,"menu_order":0,"comment_status":"closed","ping_status":"closed","template":"","meta":{"footnotes":""},"jetpack_sharing_enabled":true,"_links":{"self":[{"href":"https:\/\/www.mefamo.be\/offscreen\/index.php?rest_route=\/wp\/v2\/pages\/4895"}],"collection":[{"href":"https:\/\/www.mefamo.be\/offscreen\/index.php?rest_route=\/wp\/v2\/pages"}],"about":[{"href":"https:\/\/www.mefamo.be\/offscreen\/index.php?rest_route=\/wp\/v2\/types\/page"}],"author":[{"embeddable":true,"href":"https:\/\/www.mefamo.be\/offscreen\/index.php?rest_route=\/wp\/v2\/users\/1"}],"replies":[{"embeddable":true,"href":"https:\/\/www.mefamo.be\/offscreen\/index.php?rest_route=%2Fwp%2Fv2%2Fcomments&post=4895"}],"version-history":[{"count":21,"href":"https:\/\/www.mefamo.be\/offscreen\/index.php?rest_route=\/wp\/v2\/pages\/4895\/revisions"}],"predecessor-version":[{"id":4988,"href":"https:\/\/www.mefamo.be\/offscreen\/index.php?rest_route=\/wp\/v2\/pages\/4895\/revisions\/4988"}],"wp:attachment":[{"href":"https:\/\/www.mefamo.be\/offscreen\/index.php?rest_route=%2Fwp%2Fv2%2Fmedia&parent=4895"}],"curies":[{"name":"wp","href":"https:\/\/api.w.org\/{rel}","templated":true}]}}