{"id":4002,"date":"2025-03-16T09:20:51","date_gmt":"2025-03-16T09:20:51","guid":{"rendered":"https:\/\/www.mefamo.be\/offscreen\/?page_id=4002"},"modified":"2026-03-25T12:28:09","modified_gmt":"2026-03-25T12:28:09","slug":"08-04-exorcising-franco","status":"publish","type":"page","link":"https:\/\/www.mefamo.be\/offscreen\/?page_id=4002","title":{"rendered":"08\/04 &#8211; Conf\u00e9rence &#8211; Exorciser Franco :  Cin\u00e9ma de  genre espagnol 1968-1983"},"content":{"rendered":"\t\t<div data-elementor-type=\"wp-page\" data-elementor-id=\"4002\" class=\"elementor elementor-4002\">\n\t\t\t\t\t\t<section class=\"elementor-section elementor-top-section elementor-element elementor-element-11f1b98 elementor-section-boxed elementor-section-height-default elementor-section-height-default\" data-id=\"11f1b98\" data-element_type=\"section\">\n\t\t\t\t\t\t<div class=\"elementor-container elementor-column-gap-default\">\n\t\t\t\t\t<div class=\"elementor-column elementor-col-100 elementor-top-column elementor-element elementor-element-480d6d4\" data-id=\"480d6d4\" data-element_type=\"column\">\n\t\t\t<div class=\"elementor-widget-wrap elementor-element-populated\">\n\t\t\t\t\t\t<div class=\"elementor-element elementor-element-88e80f2 elementor-widget elementor-widget-image\" data-id=\"88e80f2\" data-element_type=\"widget\" data-widget_type=\"image.default\">\n\t\t\t\t<div class=\"elementor-widget-container\">\n\t\t\t<style>\/*! elementor - v3.19.0 - 26-02-2024 *\/\n.elementor-widget-image{text-align:center}.elementor-widget-image a{display:inline-block}.elementor-widget-image a img[src$=\".svg\"]{width:48px}.elementor-widget-image img{vertical-align:middle;display:inline-block}<\/style>\t\t\t\t\t\t\t\t\t\t<img fetchpriority=\"high\" decoding=\"async\" width=\"350\" height=\"188\" src=\"https:\/\/www.mefamo.be\/offscreen\/wp-content\/uploads\/2026\/03\/spanish-genre-cinema.jpg\" class=\"attachment-medium_large size-medium_large wp-image-4916\" alt=\"\" srcset=\"https:\/\/www.mefamo.be\/offscreen\/wp-content\/uploads\/2026\/03\/spanish-genre-cinema.jpg 350w, https:\/\/www.mefamo.be\/offscreen\/wp-content\/uploads\/2026\/03\/spanish-genre-cinema-300x161.jpg 300w, https:\/\/www.mefamo.be\/offscreen\/wp-content\/uploads\/2026\/03\/spanish-genre-cinema-150x81.jpg 150w\" sizes=\"(max-width: 350px) 100vw, 350px\" \/>\t\t\t\t\t\t\t\t\t\t\t\t\t<\/div>\n\t\t\t\t<\/div>\n\t\t\t\t<div class=\"elementor-element elementor-element-6026b2d elementor-widget elementor-widget-heading\" data-id=\"6026b2d\" data-element_type=\"widget\" data-widget_type=\"heading.default\">\n\t\t\t\t<div class=\"elementor-widget-container\">\n\t\t\t<style>\/*! elementor - v3.19.0 - 26-02-2024 *\/\n.elementor-heading-title{padding:0;margin:0;line-height:1}.elementor-widget-heading .elementor-heading-title[class*=elementor-size-]>a{color:inherit;font-size:inherit;line-height:inherit}.elementor-widget-heading .elementor-heading-title.elementor-size-small{font-size:15px}.elementor-widget-heading .elementor-heading-title.elementor-size-medium{font-size:19px}.elementor-widget-heading .elementor-heading-title.elementor-size-large{font-size:29px}.elementor-widget-heading .elementor-heading-title.elementor-size-xl{font-size:39px}.elementor-widget-heading .elementor-heading-title.elementor-size-xxl{font-size:59px}<\/style><h2 class=\"elementor-heading-title elementor-size-default\">Cin\u00e9conf\u00e9rence de Vincent Abieri, dans le cadre du Festival OFFscreen Li\u00e8ge.<\/h2>\t\t<\/div>\n\t\t\t\t<\/div>\n\t\t\t\t<div class=\"elementor-element elementor-element-8b5559e elementor-widget elementor-widget-spacer\" data-id=\"8b5559e\" data-element_type=\"widget\" data-widget_type=\"spacer.default\">\n\t\t\t\t<div class=\"elementor-widget-container\">\n\t\t\t<style>\/*! elementor - v3.19.0 - 26-02-2024 *\/\n.elementor-column .elementor-spacer-inner{height:var(--spacer-size)}.e-con{--container-widget-width:100%}.e-con-inner>.elementor-widget-spacer,.e-con>.elementor-widget-spacer{width:var(--container-widget-width,var(--spacer-size));--align-self:var(--container-widget-align-self,initial);--flex-shrink:0}.e-con-inner>.elementor-widget-spacer>.elementor-widget-container,.e-con>.elementor-widget-spacer>.elementor-widget-container{height:100%;width:100%}.e-con-inner>.elementor-widget-spacer>.elementor-widget-container>.elementor-spacer,.e-con>.elementor-widget-spacer>.elementor-widget-container>.elementor-spacer{height:100%}.e-con-inner>.elementor-widget-spacer>.elementor-widget-container>.elementor-spacer>.elementor-spacer-inner,.e-con>.elementor-widget-spacer>.elementor-widget-container>.elementor-spacer>.elementor-spacer-inner{height:var(--container-widget-height,var(--spacer-size))}.e-con-inner>.elementor-widget-spacer.elementor-widget-empty,.e-con>.elementor-widget-spacer.elementor-widget-empty{position:relative;min-height:22px;min-width:22px}.e-con-inner>.elementor-widget-spacer.elementor-widget-empty .elementor-widget-empty-icon,.e-con>.elementor-widget-spacer.elementor-widget-empty .elementor-widget-empty-icon{position:absolute;top:0;bottom:0;left:0;right:0;margin:auto;padding:0;width:22px;height:22px}<\/style>\t\t<div class=\"elementor-spacer\">\n\t\t\t<div class=\"elementor-spacer-inner\"><\/div>\n\t\t<\/div>\n\t\t\t\t<\/div>\n\t\t\t\t<\/div>\n\t\t\t\t\t<\/div>\n\t\t<\/div>\n\t\t\t\t\t<\/div>\n\t\t<\/section>\n\t\t\t\t<section class=\"elementor-section elementor-top-section elementor-element elementor-element-4c0c845 elementor-section-boxed elementor-section-height-default elementor-section-height-default\" data-id=\"4c0c845\" data-element_type=\"section\">\n\t\t\t\t\t\t<div class=\"elementor-container elementor-column-gap-default\">\n\t\t\t\t\t<div class=\"elementor-column elementor-col-100 elementor-top-column elementor-element elementor-element-2e369df\" data-id=\"2e369df\" data-element_type=\"column\">\n\t\t\t<div class=\"elementor-widget-wrap elementor-element-populated\">\n\t\t\t\t\t\t<div class=\"elementor-element elementor-element-0a062a3 elementor-widget elementor-widget-heading\" data-id=\"0a062a3\" data-element_type=\"widget\" data-widget_type=\"heading.default\">\n\t\t\t\t<div class=\"elementor-widget-container\">\n\t\t\t<h2 class=\"elementor-heading-title elementor-size-default\">Pr\u00e9sentation <\/h2>\t\t<\/div>\n\t\t\t\t<\/div>\n\t\t\t\t<div class=\"elementor-element elementor-element-1d2edbd elementor-widget elementor-widget-text-editor\" data-id=\"1d2edbd\" data-element_type=\"widget\" data-widget_type=\"text-editor.default\">\n\t\t\t\t<div class=\"elementor-widget-container\">\n\t\t\t<style>\/*! elementor - v3.19.0 - 26-02-2024 *\/\n.elementor-widget-text-editor.elementor-drop-cap-view-stacked .elementor-drop-cap{background-color:#69727d;color:#fff}.elementor-widget-text-editor.elementor-drop-cap-view-framed .elementor-drop-cap{color:#69727d;border:3px solid;background-color:transparent}.elementor-widget-text-editor:not(.elementor-drop-cap-view-default) .elementor-drop-cap{margin-top:8px}.elementor-widget-text-editor:not(.elementor-drop-cap-view-default) .elementor-drop-cap-letter{width:1em;height:1em}.elementor-widget-text-editor .elementor-drop-cap{float:left;text-align:center;line-height:1;font-size:50px}.elementor-widget-text-editor .elementor-drop-cap-letter{display:inline-block}<\/style>\t\t\t\t<p>Apr\u00e8s une guerre civile sanglante, le g\u00e9n\u00e9ral Francisco Franco s\u2019empare du pouvoir en 1939. Il maintiendra le peuple sous son joug pendant pr\u00e8s de quarante ans : quatre d\u00e9cennies marqu\u00e9es par une r\u00e9pression brutale de toute voix dissidente. Ce n\u2019est qu\u2019au d\u00e9but des ann\u00e9es 60 que le r\u00e9gime, confront\u00e9 \u00e0 de graves difficult\u00e9s \u00e9conomiques, d\u00e9cide de s\u2019ouvrir d\u2019avantage au monde ext\u00e9rieur. Le ministre de l\u2019Information et du Tourisme de l\u2019\u00e9poque, Manuel Fraga Iribarne, souhaitant moderniser l\u2019image de l\u2019Espagne, entreprend d\u2019encourager le tourisme, mais aussi les coproductions cin\u00e9matographiques internationales. Ce contexte cr\u00e9e soudain un terreau fertile \u00e0 une industrie du film d\u2019horreur jusque l\u00e0 quasi inexistante, qui conna\u00eet par cons\u00e9quent un v\u00e9ritable essor d\u00e8s 1968, gr\u00e2ce \u00e0 des succ\u00e8s commerciaux comme The House that Screamed de Narciso Iba\u00f1ez Serrador, ou encore The Werewolf Versus the Vampire Woman de Le\u00f3n Klimovsky.<\/p><p>On parle d\u00e9sormais d\u2019un \u00e2ge d\u2019or du Fantaterror espagnol : des messages subversifs \u00e9taient subtilement distill\u00e9s sous le vernis innocent des vampires, des loups-garous et des vampires (monstres remis \u00e0 la mode par les studios Hammer en Angleterre \u00e0 la m\u00eame p\u00e9riode), et diffus\u00e9s au grand public. Des films commes The Blood Spattered Bride, The Living Dead At Manchester Morgue ou encore The Legend of the Blood Castle, d\u00e9goulinent d\u2019h\u00e9moglobine mais aussi de commentaires marxistes, f\u00e9ministes et anti-autoritaires. Cet \u00e9lan critique s\u2019est \u00e9tendu au-del\u00e0 du cin\u00e9ma fantastique, et un nouveau mouvement cin\u00e9matographique est venu se greffer sur le quotidien d\u2019une soci\u00e9t\u00e9 espagnole violente, sous laquelle couvait une frustration profonde\u2026 qui a fini par exploser \u00e0 l\u2019\u00e9cran dans des films comme A Candle for the Devil ou The Cannibal Man. La censure phalangiste a toutefois frapp\u00e9 ces films, les poussant \u00e0 des contorsionnismes de production (sc\u00e8nes alternatives non censur\u00e9es, mention de l\u2019Espagne supprim\u00e9e des sc\u00e9narios\u2026)<\/p><p>Cette censure s\u2019estompe progressivement apr\u00e8s la mort de Franco en 1975. On appelle Transici\u00f3n cette p\u00e9riode qui trouva le chemin vers la d\u00e9mocratie sem\u00e9 d\u2019emb\u00fbches, marqu\u00e9 par des complots d\u2019extr\u00eame droite et des coups d\u2019\u00c9tat manqu\u00e9s. Malgr\u00e9 tout, la parole se lib\u00e9ra significativement. Eloy de la Iglesia, autrefois brid\u00e9 par la censure, s\u2019impose alors comme un r\u00e9alisateur iconoclaste et radical, avec des chefs-d\u2019\u0153uvre comme The Creature ou The Priest. Au m\u00eame moment, Le\u00f3n Klimowsky r\u00e9duit en cendre l\u2019oligarchie fasciste dans The People Who Own the Dark. L\u2019hallucinant Killer of Dolls de Miguel Madrid, annon\u00e7ait quant \u00e0 lui les temps \u00e0 venir : tout s\u2019acc\u00e9l\u00e8re avec l\u2019introduction de la classification \u00ab S \u00bb, en 1978. Un flot de films de sexploitation d\u00e9ferle sur l\u2019Espagne dans une sorte de Mai 68 \u00e0 retardement. D\u2019autres types de films, plus inclassables et radicaux politiquement, se retrouvent aussi class\u00e9s \u00ab S \u00bb, \u00e0 l\u2019instar de l\u2019\u00e9trange Dimorfo ou d\u2019Arrebato, qui est aujourd\u2019hui consid\u00e9r\u00e9 comme une pierre d\u2019angle du cin\u00e9ma espagnol.<\/p><p>Offscreen Li\u00e8ge est la d\u00e9localisation li\u00e9geoise, \u00ab\u00a0mini-version du festival\u00a0\u00bb, du Festival Offscreen, qui se tient \u00e0 Bruxelles du 11 au 29 mars.<\/p><p>Avec le soutien de <a href=\"https:\/\/www.provincedeliege.be\/fr\">La Biblioth\u00e8que des Litt\u00e9ratures d&rsquo;Aventure <\/a> et de <a href=\"https:\/\/www.bila.ink\">la Province de Li\u00e8ge &#8211; Culture.<\/a>\u00a0<\/p><p>S\u00e9ance \u00e9galement en lien avec l&rsquo;exposition \u00ab\u00a0No Pasaran\u00a0\u00bb, pr\u00e9sente au B3 jusqu&rsquo;au 22 avril. En partenariat avec <span class=\"xv78j7m\">Pac Li\u00e8ge<\/span>, <span class=\"xv78j7m\">Soralia Li\u00e8ge<\/span> et Promotion et Culture asbl.<\/p>\t\t\t\t\t\t<\/div>\n\t\t\t\t<\/div>\n\t\t\t\t\t<\/div>\n\t\t<\/div>\n\t\t\t\t\t<\/div>\n\t\t<\/section>\n\t\t\t\t<section class=\"elementor-section elementor-top-section elementor-element elementor-element-f2037df elementor-section-boxed elementor-section-height-default elementor-section-height-default\" data-id=\"f2037df\" data-element_type=\"section\">\n\t\t\t\t\t\t<div class=\"elementor-container elementor-column-gap-default\">\n\t\t\t\t\t<div class=\"elementor-column elementor-col-100 elementor-top-column elementor-element elementor-element-eef11fa\" data-id=\"eef11fa\" data-element_type=\"column\">\n\t\t\t<div class=\"elementor-widget-wrap elementor-element-populated\">\n\t\t\t\t\t\t<div class=\"elementor-element elementor-element-943c640 elementor-widget elementor-widget-spacer\" data-id=\"943c640\" data-element_type=\"widget\" data-widget_type=\"spacer.default\">\n\t\t\t\t<div class=\"elementor-widget-container\">\n\t\t\t\t\t<div class=\"elementor-spacer\">\n\t\t\t<div class=\"elementor-spacer-inner\"><\/div>\n\t\t<\/div>\n\t\t\t\t<\/div>\n\t\t\t\t<\/div>\n\t\t\t\t<section class=\"elementor-section elementor-inner-section elementor-element elementor-element-bb0d2aa elementor-section-boxed elementor-section-height-default elementor-section-height-default\" data-id=\"bb0d2aa\" data-element_type=\"section\">\n\t\t\t\t\t\t<div class=\"elementor-container elementor-column-gap-default\">\n\t\t\t\t\t<div class=\"elementor-column elementor-col-50 elementor-inner-column elementor-element elementor-element-3286e8a\" data-id=\"3286e8a\" data-element_type=\"column\">\n\t\t\t<div class=\"elementor-widget-wrap\">\n\t\t\t\t\t\t\t<\/div>\n\t\t<\/div>\n\t\t\t\t<div class=\"elementor-column elementor-col-50 elementor-inner-column elementor-element elementor-element-ef7e150\" data-id=\"ef7e150\" data-element_type=\"column\">\n\t\t\t<div class=\"elementor-widget-wrap elementor-element-populated\">\n\t\t\t\t\t\t<div class=\"elementor-element elementor-element-4c00ffa elementor-widget elementor-widget-text-editor\" data-id=\"4c00ffa\" data-element_type=\"widget\" data-widget_type=\"text-editor.default\">\n\t\t\t\t<div class=\"elementor-widget-container\">\n\t\t\t\t\t\t\t<p>INFOS PRATIQUES<\/p>\t\t\t\t\t\t<\/div>\n\t\t\t\t<\/div>\n\t\t\t\t<div class=\"elementor-element elementor-element-a71bdb0 elementor-widget-tablet__width-initial elementor-widget-mobile__width-initial elementor-widget elementor-widget-text-editor\" data-id=\"a71bdb0\" data-element_type=\"widget\" data-widget_type=\"text-editor.default\">\n\t\t\t\t<div class=\"elementor-widget-container\">\n\t\t\t\t\t\t\t<p style=\"text-align: left;\">O\u00f9 : <a href=\"https:\/\/b3.provincedeliege.be\/\">B3<\/a>, 1 Place des Arts 4020 Li\u00e8ge<\/p>\n<p style=\"text-align: left;\">Quand : Mercredi 8 avril \u00e0 16h30<\/p>\n<p>Prix : Gratuit<\/p>\n<p style=\"text-align: left;\">Pr\u00e9sent\u00e9 par Vincent Abieri<\/p>\t\t\t\t\t\t<\/div>\n\t\t\t\t<\/div>\n\t\t\t\t\t<\/div>\n\t\t<\/div>\n\t\t\t\t\t<\/div>\n\t\t<\/section>\n\t\t\t\t\t<\/div>\n\t\t<\/div>\n\t\t\t\t\t<\/div>\n\t\t<\/section>\n\t\t\t\t<\/div>\n\t\t","protected":false},"excerpt":{"rendered":"<p>Cin\u00e9conf\u00e9rence de Vincent Abieri, dans le cadre du Festival OFFscreen Li\u00e8ge. Pr\u00e9sentation Apr\u00e8s une guerre&hellip;<\/p>\n","protected":false},"author":1,"featured_media":0,"parent":0,"menu_order":0,"comment_status":"closed","ping_status":"closed","template":"","meta":{"footnotes":""},"jetpack_sharing_enabled":true,"_links":{"self":[{"href":"https:\/\/www.mefamo.be\/offscreen\/index.php?rest_route=\/wp\/v2\/pages\/4002"}],"collection":[{"href":"https:\/\/www.mefamo.be\/offscreen\/index.php?rest_route=\/wp\/v2\/pages"}],"about":[{"href":"https:\/\/www.mefamo.be\/offscreen\/index.php?rest_route=\/wp\/v2\/types\/page"}],"author":[{"embeddable":true,"href":"https:\/\/www.mefamo.be\/offscreen\/index.php?rest_route=\/wp\/v2\/users\/1"}],"replies":[{"embeddable":true,"href":"https:\/\/www.mefamo.be\/offscreen\/index.php?rest_route=%2Fwp%2Fv2%2Fcomments&post=4002"}],"version-history":[{"count":108,"href":"https:\/\/www.mefamo.be\/offscreen\/index.php?rest_route=\/wp\/v2\/pages\/4002\/revisions"}],"predecessor-version":[{"id":4998,"href":"https:\/\/www.mefamo.be\/offscreen\/index.php?rest_route=\/wp\/v2\/pages\/4002\/revisions\/4998"}],"wp:attachment":[{"href":"https:\/\/www.mefamo.be\/offscreen\/index.php?rest_route=%2Fwp%2Fv2%2Fmedia&parent=4002"}],"curies":[{"name":"wp","href":"https:\/\/api.w.org\/{rel}","templated":true}]}}