{"id":3332,"date":"2022-06-27T12:58:21","date_gmt":"2022-06-27T11:58:21","guid":{"rendered":"https:\/\/www.mefamo.be\/MFMarts\/?page_id=3332"},"modified":"2026-04-27T10:40:48","modified_gmt":"2026-04-27T09:40:48","slug":"qui-sommes-nous","status":"publish","type":"page","link":"https:\/\/www.mefamo.be\/MFMarts\/qui-sommes-nous\/","title":{"rendered":"Qui sommes-nous ?"},"content":{"rendered":"\t\t<div data-elementor-type=\"wp-page\" data-elementor-id=\"3332\" class=\"elementor elementor-3332\">\n\t\t\t\t\t\t<section class=\"elementor-section elementor-top-section elementor-element elementor-element-fbf2d82 elementor-section-boxed elementor-section-height-default elementor-section-height-default\" data-id=\"fbf2d82\" data-element_type=\"section\">\n\t\t\t\t\t\t<div class=\"elementor-container elementor-column-gap-default\">\n\t\t\t\t\t<div class=\"elementor-column elementor-col-100 elementor-top-column elementor-element elementor-element-2e9800aa\" data-id=\"2e9800aa\" data-element_type=\"column\">\n\t\t\t<div class=\"elementor-widget-wrap\">\n\t\t\t\t\t\t\t<\/div>\n\t\t<\/div>\n\t\t\t\t\t<\/div>\n\t\t<\/section>\n\t\t\t\t<section class=\"elementor-section elementor-top-section elementor-element elementor-element-271b796 elementor-section-boxed elementor-section-height-default elementor-section-height-default\" data-id=\"271b796\" data-element_type=\"section\">\n\t\t\t\t\t\t<div class=\"elementor-container elementor-column-gap-default\">\n\t\t\t\t\t<div class=\"elementor-column elementor-col-100 elementor-top-column elementor-element elementor-element-448d225\" data-id=\"448d225\" data-element_type=\"column\">\n\t\t\t<div class=\"elementor-widget-wrap elementor-element-populated\">\n\t\t\t\t\t\t<div class=\"elementor-element elementor-element-6cfe636 elementor-widget elementor-widget-html\" data-id=\"6cfe636\" data-element_type=\"widget\" data-widget_type=\"html.default\">\n\t\t\t\t<div class=\"elementor-widget-container\">\n\t\t\t<div class=\"quirectangle\">\n  \n         \n          <p class=\"quip\">\n     L\u2019asbl Mefamo r\u00e9unit, sous la banni\u00e8re du cin\u00e9ma de genre, un regroupement de cin\u00e9philes d\u2019horizons divers ayant \u00e0 c\u0153ur de d\u00e9fendre autant un cin\u00e9ma populaire qu\u2019un cin\u00e9ma alternatif, parfois moins accessible, ou trop m\u00e9connu, voire injustement m\u00e9pris\u00e9.\n<\/br><\/br>\nChacun(e) \u00e0 son niveau, les membres de Mefamo op\u00e8rent en ce sens via des activit\u00e9s artistiques de cr\u00e9ation ou de d\u00e9veloppement (film, s\u00e9rie, sc\u00e9nario, podcast), des contenus de vulgarisation culturelle (projections, podcasts, articles,...), mais \u00e9galement des ateliers et des formations, autant pour le jeune public que pour des d\u00e9butants ou professionnels aguerris.\n         <\/p>\n<\/div>\t\t<\/div>\n\t\t\t\t<\/div>\n\t\t\t\t\t<\/div>\n\t\t<\/div>\n\t\t\t\t\t<\/div>\n\t\t<\/section>\n\t\t\t\t<section class=\"elementor-section elementor-top-section elementor-element elementor-element-a0535df elementor-section-boxed elementor-section-height-default elementor-section-height-default\" data-id=\"a0535df\" data-element_type=\"section\">\n\t\t\t\t\t\t<div class=\"elementor-container elementor-column-gap-default\">\n\t\t\t\t\t<div class=\"elementor-column elementor-col-100 elementor-top-column elementor-element elementor-element-bc2bce2\" data-id=\"bc2bce2\" data-element_type=\"column\">\n\t\t\t<div class=\"elementor-widget-wrap elementor-element-populated\">\n\t\t\t\t\t\t<div class=\"elementor-element elementor-element-f246633 elementor-widget elementor-widget-html\" data-id=\"f246633\" data-element_type=\"widget\" data-widget_type=\"html.default\">\n\t\t\t\t<div class=\"elementor-widget-container\">\n\t\t\t<p class=\"titrequi\">P\u00d4LE OP\u00c9RATIONNEL<\/p>\n\n<div class=\"rectanglequi\">\n    \n    \n   <img decoding=\"async\" class=\"imgqui1\" src=\"https:\/\/zupimages.net\/up\/23\/14\/anby.png\"\/>\n  <p class=\"titrequi2\">Christophe Mavroudis<\/p>\n  <div class=\"quibar\"><\/div>\n    <p class=\"pqui1\">\n       Dit \"Le Sp\u00e9cialiste\", on appelle Christophe lorsque \u00e7a chauffe vraiment. Arm\u00e9 de son exp\u00e9rience de monteur\/r\u00e9alisateur, son \u00e9rudition et sa passion pour le cin\u00e9ma de genre, il n'h\u00e9site pas \u00e0 fournir conseils et expertise pour l'aide au d\u00e9veloppement de projets de fiction. Il coordonne \u00e9galement la d\u00e9localisation li\u00e9geoise du Festival Offscreen et anime des conf\u00e9rences. Un couteau-suisse on vous dit.\n       <\/br><a class=\"quilien\" href=\"mailto:christophe@mefamo.be\">Contactez-le !<\/a>\n     <\/p>\n\n     <\/br><\/br>\n     \n        <img decoding=\"async\" class=\"imgqui1\" src=\"https:\/\/zupimages.net\/up\/23\/14\/jxcl.png\"\/>\n  <p class=\"titrequi2\">Vincent Steffler<\/p>\n  <div class=\"quibar\"><\/div>\n    <p class=\"pqui1\">\n     R\u00e9alisateur polyvalent et animateur m\u00e9dias, Vincent Steffler est le fondateur d\u2019\u00c0 Chacun son Cin\u00e9ma et un fervent adepte du port de tongs en toute occasion. Entre courts-m\u00e9trages autoproduits et prim\u00e9s (dont Olympianimal, un stop motion r\u00e9alis\u00e9 en 2015) et ateliers immersifs, il jongle avec les images et aide les autres \u00e0 en faire autant. \u00c0 travers formations et stages pour petits et grands, il explore le cin\u00e9ma et le jeu vid\u00e9o sous toutes leurs facettes. Engag\u00e9 dans des projets inclusifs et d\u2019\u00e9ducation aux m\u00e9dias, il donne la parole \u00e0 ceux qu\u2019on entend trop peu, des personnes en situation de handicap aux enfants des Centres Croix-Rouge. Bref, une petite cam\u00e9ra, des id\u00e9es plein la t\u00eate\u2026 et une paire de tongs toujours pr\u00eate \u00e0 l\u2019action ! <\/br><a class=\"quilien\" href=\"mailto:chacunsoncinema@hotmail.fr\">Contactez-le !<\/a>\n     <\/p>\n\n  <\/br><\/br>\n     \n        <img decoding=\"async\" class=\"imgqui1\" src=\"https:\/\/zupimages.net\/up\/23\/14\/3k28.png\"\/>\n  <p class=\"titrequi2\">Vincent Tozzini<\/p>\n  <div class=\"quibar\"><\/div>\n    <p class=\"pqui1\">\n      Aussi nomm\u00e9 \"Vinouze Stallone\" pour ses gros biscotos, Vincent est responsable de la section Forbidden Zone du site et coordonne la production des podcasts made in Mefamo. Il est \u00e9galement dans l'organisation du festival Offscreen Li\u00e8ge et est le (co)cr\u00e9ateur du podcast \"Popcorn Club\" avec Caroline Poisson. C'est populaire, c'est nostalgique, c'est bon et \u00e7a croustille ! <\/br><a class=\"quilien\" href=\"mailto:t.vincent@mefamo.be\">Contactez-le !<\/a>\n     <\/p>\n\t\t<\/div>\n\t\t\t\t<\/div>\n\t\t\t\t\t<\/div>\n\t\t<\/div>\n\t\t\t\t\t<\/div>\n\t\t<\/section>\n\t\t\t\t<section class=\"elementor-section elementor-top-section elementor-element elementor-element-b8e3b83 elementor-section-boxed elementor-section-height-default elementor-section-height-default\" data-id=\"b8e3b83\" data-element_type=\"section\">\n\t\t\t\t\t\t<div class=\"elementor-container elementor-column-gap-default\">\n\t\t\t\t\t<div class=\"elementor-column elementor-col-100 elementor-top-column elementor-element elementor-element-bf6d6b7\" data-id=\"bf6d6b7\" data-element_type=\"column\">\n\t\t\t<div class=\"elementor-widget-wrap elementor-element-populated\">\n\t\t\t\t\t\t<div class=\"elementor-element elementor-element-c7bbb9e elementor-widget elementor-widget-html\" data-id=\"c7bbb9e\" data-element_type=\"widget\" data-widget_type=\"html.default\">\n\t\t\t\t<div class=\"elementor-widget-container\">\n\t\t\t<p class=\"titrequiad\">P\u00d4LE ADMINISTRATIF<\/p>\n\n<div class=\"rectanglequiad\">\n    \n    \n   <img decoding=\"async\" class=\"imgqui1\" src=\"https:\/\/zupimages.net\/up\/23\/14\/4e4j.png\"\/>\n  <p class=\"titrequiad2\">Shaban Krasniqi<\/p>\n  <div class=\"quibarad\"><\/div>\n    <p class=\"pqui1\">\n       Shab \"The Man\" Krasniqi est la colonne vert\u00e9brale et le fondateur de Mefamo. Il s'assure que le p\u00f4le op\u00e9rationnel ne claque pas le (maigre) p\u00e9cule de l'asbl dans le vice et le stupre (il faut voir ce qui se passe la nuit dans les bureaux !) et est garant de l'esprit de la structure depuis ses d\u00e9buts.\n\n     <\/p>\n\n     <\/br><\/br>\n     \n        <img decoding=\"async\" class=\"imgqui1\" src=\"https:\/\/zupimages.net\/up\/23\/14\/ruqk.png\"\/>\n  <p class=\"titrequiad2\">Vincent Delr\u00e9<\/p>\n  <div class=\"quibarad\"><\/div>\n    <p class=\"pqui1\">\n     Vincent op\u00e8re en secret au sein de Mefamo depuis 2010 sous l\u2019identit\u00e9 de Vinzy Von Delr\u00e9e. Comme il passe son temps \u00e0 porter des masques, on ne l\u2019a jamais reconnu\u2026 On a fini par d\u00e9couvrir son identit\u00e9 en 2022 et on a d\u00e9cid\u00e9 d\u2019en faire officiellement un administrateur de la structure. Il est maintenant champion local invaincu de rappel de r\u00e9union. Merci Vinzy !\n\n     <\/p>\n<\/div>\n\n\t\t<\/div>\n\t\t\t\t<\/div>\n\t\t\t\t\t<\/div>\n\t\t<\/div>\n\t\t\t\t\t<\/div>\n\t\t<\/section>\n\t\t\t\t<section class=\"elementor-section elementor-top-section elementor-element elementor-element-da92d01 elementor-section-boxed elementor-section-height-default elementor-section-height-default\" data-id=\"da92d01\" data-element_type=\"section\">\n\t\t\t\t\t\t<div class=\"elementor-container elementor-column-gap-default\">\n\t\t\t\t\t<div class=\"elementor-column elementor-col-100 elementor-top-column elementor-element elementor-element-cf1fa54\" data-id=\"cf1fa54\" data-element_type=\"column\">\n\t\t\t<div class=\"elementor-widget-wrap elementor-element-populated\">\n\t\t\t\t\t\t<div class=\"elementor-element elementor-element-027a852 elementor-widget elementor-widget-html\" data-id=\"027a852\" data-element_type=\"widget\" data-widget_type=\"html.default\">\n\t\t\t\t<div class=\"elementor-widget-container\">\n\t\t\t<p class=\"titrequi\">GALAXIE MEFAMO<\/p>\n\n<div class=\"rectanglequigalaxie\">\n    \n    \n   <img decoding=\"async\" class=\"imgqui1\" src=\"https:\/\/zupimages.net\/up\/23\/14\/beuz.png\"\/>\n  <p class=\"titrequi2\">Vladimir Delmotte<\/p>\n  <div class=\"quibar\"><\/div>\n    <p class=\"pqui1\">\n       Dit \"Le Comte\", Vladimir est passionn\u00e9 de cin\u00e9ma depuis qu'il est tomb\u00e9 sur une rediffusion CANAL+ en crypt\u00e9 de \"Gorge Profonde\". Il n'a de cesse depuis lors de hurler sur des publics de cin\u00e9club, voire sur de simples passants dans la rue pour expliquer \u00e0 quel point les images en mouvement, c'est trop g\u00e9nial.\n     <\/p>\n\n     <\/br><\/br>\n     \n        <img decoding=\"async\" class=\"imgqui1\" src=\"https:\/\/zupimages.net\/up\/23\/14\/w74e.png\"\/>\n  <p class=\"titrequi2\">Marine Laboury<\/p>\n  <div class=\"quibar\"><\/div>\n    <p class=\"pqui1\">\n      Apprentie sc\u00e9nariste vouant un culte au cin\u00e9ma et petite voix qui parle  de films dans tes oreilles. Biberonn\u00e9e aux slashers d\u00e8s sa plus tendre enfance elle a d\u00e9velopp\u00e9 le talent ultime de d\u00e9celer l\u2019identit\u00e9 des tueurs de Scream d\u00e8s les premiers minutes. Attention, l\u2019inviter c\u2019est vous faire spoiler !\n     <\/p>\n\n  <\/br><\/br>\n     \n        <img decoding=\"async\" class=\"imgqui1\" src=\"https:\/\/zupimages.net\/up\/23\/14\/kejv.png\"\/>\n  <p class=\"titrequi2\">Colombe D'Haene <\/p>\n  <div class=\"quibar\"><\/div>\n    <p class=\"pqui1\">\n    Avec un pr\u00e9nom pareil, vous vous doutez bien qu'elle n'a pas besoin de surnom.\nV\u00e9ritable couteau suisse artistique, elle est n\u00e9e un pinceau \u00e0 la main, a grandi en \u00e9crivant ses pens\u00e9es dans ses petits carnets et aujourd'hui, elle passe son temps \u00e0 filmer le monde autour d'elle.\n\n     <\/p>\n     \n       <\/br><\/br>\n     \n             <img decoding=\"async\" class=\"imgqui1\" src=\"https:\/\/zupimages.net\/up\/23\/14\/wxmp.png\"\/>\n  <p class=\"titrequi2\">Jean-Denis Lichtfus <\/p>\n  <div class=\"quibar\"><\/div>\n    <p class=\"pqui1\">\n    \"Jid\u00e9 Lius\", \"Borat\", \"Plus grand fan de M\u00e9tal Hurlant\", les surnoms ne manquent pas pour ce Concept Artist stakhanoviste, notamment responsable de la venue \u00e0 Li\u00e8ge d'artistes \u00e0 la renomm\u00e9e internationale comme David Russel (Le Retour du Jedi) et David Levy (Tron Legacy). Chez Mefamo, il est surtout appr\u00e9ci\u00e9 pour son amour inconditionnel pour les strings bretelles.\n     <\/p>\n     \n       <\/br><\/br>\n     \n         \n             <img decoding=\"async\" class=\"imgqui1\" src=\"https:\/\/zupimages.net\/up\/23\/14\/wo6k.png\"\/>\n  <p class=\"titrequi2\">Arnaud Hockers <\/p>\n  <div class=\"quibar\"><\/div>\n    <p class=\"pqui1\">Surnomm\u00e9 le \"Batman de la prod\", Arnaud se passionne pour tout ce qui est sonore. Quand il ne s'amuse pas \u00e0 disparaitre myst\u00e9rieusement au milieu de conversations diverses et vari\u00e9es, il compose des chansons avec son groupe \"La Passe\" et est formateur au Gsara.\n\n     <\/p>\n     \n       <\/br><\/br>\n     \n                  <img decoding=\"async\" class=\"imgqui1\" src=\"https:\/\/zupimages.net\/up\/23\/14\/mwrz.png\"\/>\n  <p class=\"titrequi2\">David Hermans <\/p>\n  <div class=\"quibar\"><\/div>\n    <p class=\"pqui1\">Alias \"Captain Artwork\", David aurait bien voulu vivre au temps des pirates et passe l\u2019essentiel de son temps \u00e0 faire la promotion d\u2019Albator et Assassin\u2019s Creed : Black Flag. Oh, et on vous a dit que c\u2019\u00e9tait un propmaker et illustrateur de grand talent ? Foncez le suivre sur Instagram !\n     <\/p>\n     \n       <\/br><\/br>\n     \n     \n        <img decoding=\"async\" class=\"imgqui1\" src=\"https:\/\/zupimages.net\/up\/23\/14\/qsic.png\"\/>\n  <p class=\"titrequi2\">Caroline Poisson <\/p>\n  <div class=\"quibar\"><\/div>\n    <p class=\"pqui1\">\n   \"La Pirate\" Caroline Poisson a appris \u00e0 nager en regardant des dessins anim\u00e9s. Depuis, elle filme, des musiciens, des chiens, des gens. Confront\u00e9e beaucoup trop t\u00f4t \u00e0 la vhs de \u00ab Misery \u00bb, elle est tomb\u00e9e dans l\u2019univers de l\u2019horreur en m\u00eame temps que dans celui de Walt Disney.\u2028Points particuliers : rit trop fort \u00e0 chaque visionnage de \u00ab Massacre \u00e0 la tron\u00e7onneuse \u00bb et mange devant toutes les sc\u00e8nes de cannibalisme avec un sourire effrayant.\n\n     <\/p>\n     \n       <\/br><\/br>\n       \n       <img decoding=\"async\" class=\"imgqui1\" src=\"https:\/\/zupimages.net\/up\/23\/40\/20sa.png\"\/>\n  <p class=\"titrequi2\">Vincent Abieri <\/p>\n  <div class=\"quibar\"><\/div>\n    <p class=\"pqui1\">\n   En d\u00e9couvrant Les Dents de la mer et Terminator \u00e0 l\u2019\u00e2ge de 6 ans, il atteint sans le savoir le point de non-retour et devient un v\u00e9ritable obs\u00e9d\u00e9 visuel. Autant \u00e0 l\u2019aise devant un film du Nouveau Cin\u00e9ma Allemand que devant une s\u00e9rie B italienne fauch\u00e9e et d\u00e9cal\u00e9e, il cherche avant tout \u00e0 vivre des exp\u00e9riences uniques et intenses. Mais il ne se contente pas seulement de d\u00e9nicher des p\u00e9pites, il aime aussi entra\u00eener les autres dans de longues discussions passionn\u00e9es autour du processus de cr\u00e9ation\n\n     <\/p>\n     \n       <\/br><\/br>\n       \n       <img decoding=\"async\" class=\"imgqui1\" src=\"https:\/\/zupimages.net\/up\/23\/40\/7g5k.png\"\/>\n  <p class=\"titrequi2\">Julien Cescotto <\/p>\n  <div class=\"quibar\"><\/div>\n    <p class=\"pqui1\">\n   Passionn\u00e9 de cin\u00e9ma en g\u00e9n\u00e9ral et de p\u00e9loches marginales en particulier, ce cin\u00e9-maniaque (davantage que cin\u00e9phile) plonge souvent dans le subconscient du 7e art pour y fouiller les recoins les plus obscurs et les contr\u00e9es les plus lointaines. Il en ram\u00e8ne des objets filmiques totalement improbables ou peu identifiables par le commun des mortels, s\u00e9ries B \u00e0 Z ou films d'auteurs barr\u00e9s, dont il s'inspire \u00e9ventuellement pour ses propres sc\u00e9narios et r\u00e9alisations.\n\n     <\/p>\n     \n       <\/br><\/br>\n       \n       <img decoding=\"async\" class=\"imgqui1\" src=\"https:\/\/zupimages.net\/up\/23\/40\/vwf9.png\"\/>\n  <p class=\"titrequi2\">Manon Vervoir<\/p>\n  <div class=\"quibar\"><\/div>\n    <p class=\"pqui1\">\n   Graphiste d\u00e9vou\u00e9e au bien-\u00eatre du site de Mefamo et de ses visuels, rien de mieux pour la d\u00e9tendre qu\u2019un bon film d\u2019horreur. Elle s\u2019est d\u00e9couverte une passion pour le cin\u00e9ma en revisionnant \u00ab Le Hobbit \u00bb et est aussi d\u00e9cid\u00e9e \u00e0 conna\u00eetre les moindres d\u00e9tails de la trilogie. Elle rejoint la galaxie Mefamo apr\u00e8s son stage en 2023.\n\n     <\/p>\n     \n       <\/br><\/br>\n       \n       <img decoding=\"async\" class=\"imgqui1\" src=\"https:\/\/zupimages.net\/up\/25\/10\/z909.png\"\/>\n  <p class=\"titrequi2\">Antoine Bours<\/p>\n  <div class=\"quibar\"><\/div>\n    <p class=\"pqui1\">\n   Sc\u00e9nariste issu de l\u2019IAD, il a \u00e9crit pour le th\u00e9\u00e2tre, avec une adaptation de Dracula mise en sc\u00e8ne par Sofia Betz (2011) ; pour la presse musicale pour le magazine Rif Raf ; pour la t\u00e9l\u00e9vision avec la co-cr\u00e9ation d\u2019Ennemi Public, s\u00e9rie RTBF dont les 3 saisons sont disponibles sur Netflix. Aujourd\u2019hui, Antoine partage son temps entre accompagnement des s\u00e9ries pour la RTBF, enseignement \u00e0 l\u2019\u00c9cole Agn\u00e8s Varda et l\u2019IRSHAAB, et projets personnels pour la sc\u00e8ne, la BD, la TV et le cin\u00e9ma.\n\n     <\/p>\n     \n       <\/br><\/br>\n       \n       \n       \n       \n       \n     \n\t\t<\/div>\n\t\t\t\t<\/div>\n\t\t\t\t\t<\/div>\n\t\t<\/div>\n\t\t\t\t\t<\/div>\n\t\t<\/section>\n\t\t\t\t<\/div>\n\t\t","protected":false},"excerpt":{"rendered":"<p>L\u2019asbl Mefamo r\u00e9unit, sous la banni\u00e8re du cin\u00e9ma de genre, un regroupement de cin\u00e9philes d\u2019horizons&hellip;<\/p>\n","protected":false},"author":1,"featured_media":0,"parent":0,"menu_order":0,"comment_status":"closed","ping_status":"closed","template":"","meta":[],"yoast_head":"<!-- This site is optimized with the Yoast SEO plugin v20.2.1 - https:\/\/yoast.com\/wordpress\/plugins\/seo\/ -->\n<title>Qui sommes-nous ? - Mefamo<\/title>\n<meta name=\"robots\" content=\"index, follow, max-snippet:-1, max-image-preview:large, max-video-preview:-1\" \/>\n<link rel=\"canonical\" href=\"https:\/\/www.mefamo.be\/MFMarts\/qui-sommes-nous\/\" \/>\n<meta property=\"og:locale\" content=\"fr_FR\" \/>\n<meta property=\"og:type\" content=\"article\" \/>\n<meta property=\"og:title\" content=\"Qui sommes-nous ? - Mefamo\" \/>\n<meta property=\"og:description\" content=\"L\u2019asbl Mefamo r\u00e9unit, sous la banni\u00e8re du cin\u00e9ma de genre, un regroupement de cin\u00e9philes d\u2019horizons&hellip;\" \/>\n<meta property=\"og:url\" content=\"https:\/\/www.mefamo.be\/MFMarts\/qui-sommes-nous\/\" \/>\n<meta property=\"og:site_name\" content=\"Mefamo\" \/>\n<meta property=\"article:modified_time\" content=\"2026-04-27T09:40:48+00:00\" \/>\n<meta property=\"og:image\" content=\"https:\/\/zupimages.net\/up\/23\/14\/anby.png\" \/>\n<meta name=\"twitter:card\" content=\"summary_large_image\" \/>\n<meta name=\"twitter:label1\" content=\"Dur\u00e9e de lecture estim\u00e9e\" \/>\n\t<meta name=\"twitter:data1\" content=\"10 minutes\" \/>\n<script type=\"application\/ld+json\" class=\"yoast-schema-graph\">{\"@context\":\"https:\/\/schema.org\",\"@graph\":[{\"@type\":\"WebPage\",\"@id\":\"https:\/\/www.mefamo.be\/MFMarts\/qui-sommes-nous\/\",\"url\":\"https:\/\/www.mefamo.be\/MFMarts\/qui-sommes-nous\/\",\"name\":\"Qui sommes-nous ? - Mefamo\",\"isPartOf\":{\"@id\":\"https:\/\/www.mefamo.be\/MFMarts\/#website\"},\"datePublished\":\"2022-06-27T11:58:21+00:00\",\"dateModified\":\"2026-04-27T09:40:48+00:00\",\"breadcrumb\":{\"@id\":\"https:\/\/www.mefamo.be\/MFMarts\/qui-sommes-nous\/#breadcrumb\"},\"inLanguage\":\"fr-FR\",\"potentialAction\":[{\"@type\":\"ReadAction\",\"target\":[\"https:\/\/www.mefamo.be\/MFMarts\/qui-sommes-nous\/\"]}]},{\"@type\":\"BreadcrumbList\",\"@id\":\"https:\/\/www.mefamo.be\/MFMarts\/qui-sommes-nous\/#breadcrumb\",\"itemListElement\":[{\"@type\":\"ListItem\",\"position\":1,\"name\":\"Accueil\",\"item\":\"https:\/\/www.mefamo.be\/MFMarts\/\"},{\"@type\":\"ListItem\",\"position\":2,\"name\":\"Qui sommes-nous ?\"}]},{\"@type\":\"WebSite\",\"@id\":\"https:\/\/www.mefamo.be\/MFMarts\/#website\",\"url\":\"https:\/\/www.mefamo.be\/MFMarts\/\",\"name\":\"Mefamo\",\"description\":\"L&#039;imaginaire en mouvement\",\"publisher\":{\"@id\":\"https:\/\/www.mefamo.be\/MFMarts\/#organization\"},\"potentialAction\":[{\"@type\":\"SearchAction\",\"target\":{\"@type\":\"EntryPoint\",\"urlTemplate\":\"https:\/\/www.mefamo.be\/MFMarts\/?s={search_term_string}\"},\"query-input\":\"required name=search_term_string\"}],\"inLanguage\":\"fr-FR\"},{\"@type\":\"Organization\",\"@id\":\"https:\/\/www.mefamo.be\/MFMarts\/#organization\",\"name\":\"Mefamo\",\"url\":\"https:\/\/www.mefamo.be\/MFMarts\/\",\"logo\":{\"@type\":\"ImageObject\",\"inLanguage\":\"fr-FR\",\"@id\":\"https:\/\/www.mefamo.be\/MFMarts\/#\/schema\/logo\/image\/\",\"url\":\"https:\/\/www.mefamo.be\/MFMarts\/wp-content\/uploads\/2016\/09\/Logo-Mefamo-e1474883034358.png\",\"contentUrl\":\"https:\/\/www.mefamo.be\/MFMarts\/wp-content\/uploads\/2016\/09\/Logo-Mefamo-e1474883034358.png\",\"width\":178,\"height\":50,\"caption\":\"Mefamo\"},\"image\":{\"@id\":\"https:\/\/www.mefamo.be\/MFMarts\/#\/schema\/logo\/image\/\"}}]}<\/script>\n<!-- \/ Yoast SEO plugin. -->","yoast_head_json":{"title":"Qui sommes-nous ? - Mefamo","robots":{"index":"index","follow":"follow","max-snippet":"max-snippet:-1","max-image-preview":"max-image-preview:large","max-video-preview":"max-video-preview:-1"},"canonical":"https:\/\/www.mefamo.be\/MFMarts\/qui-sommes-nous\/","og_locale":"fr_FR","og_type":"article","og_title":"Qui sommes-nous ? - Mefamo","og_description":"L\u2019asbl Mefamo r\u00e9unit, sous la banni\u00e8re du cin\u00e9ma de genre, un regroupement de cin\u00e9philes d\u2019horizons&hellip;","og_url":"https:\/\/www.mefamo.be\/MFMarts\/qui-sommes-nous\/","og_site_name":"Mefamo","article_modified_time":"2026-04-27T09:40:48+00:00","og_image":[{"url":"https:\/\/zupimages.net\/up\/23\/14\/anby.png"}],"twitter_card":"summary_large_image","twitter_misc":{"Dur\u00e9e de lecture estim\u00e9e":"10 minutes"},"schema":{"@context":"https:\/\/schema.org","@graph":[{"@type":"WebPage","@id":"https:\/\/www.mefamo.be\/MFMarts\/qui-sommes-nous\/","url":"https:\/\/www.mefamo.be\/MFMarts\/qui-sommes-nous\/","name":"Qui sommes-nous ? - Mefamo","isPartOf":{"@id":"https:\/\/www.mefamo.be\/MFMarts\/#website"},"datePublished":"2022-06-27T11:58:21+00:00","dateModified":"2026-04-27T09:40:48+00:00","breadcrumb":{"@id":"https:\/\/www.mefamo.be\/MFMarts\/qui-sommes-nous\/#breadcrumb"},"inLanguage":"fr-FR","potentialAction":[{"@type":"ReadAction","target":["https:\/\/www.mefamo.be\/MFMarts\/qui-sommes-nous\/"]}]},{"@type":"BreadcrumbList","@id":"https:\/\/www.mefamo.be\/MFMarts\/qui-sommes-nous\/#breadcrumb","itemListElement":[{"@type":"ListItem","position":1,"name":"Accueil","item":"https:\/\/www.mefamo.be\/MFMarts\/"},{"@type":"ListItem","position":2,"name":"Qui sommes-nous ?"}]},{"@type":"WebSite","@id":"https:\/\/www.mefamo.be\/MFMarts\/#website","url":"https:\/\/www.mefamo.be\/MFMarts\/","name":"Mefamo","description":"L&#039;imaginaire en mouvement","publisher":{"@id":"https:\/\/www.mefamo.be\/MFMarts\/#organization"},"potentialAction":[{"@type":"SearchAction","target":{"@type":"EntryPoint","urlTemplate":"https:\/\/www.mefamo.be\/MFMarts\/?s={search_term_string}"},"query-input":"required name=search_term_string"}],"inLanguage":"fr-FR"},{"@type":"Organization","@id":"https:\/\/www.mefamo.be\/MFMarts\/#organization","name":"Mefamo","url":"https:\/\/www.mefamo.be\/MFMarts\/","logo":{"@type":"ImageObject","inLanguage":"fr-FR","@id":"https:\/\/www.mefamo.be\/MFMarts\/#\/schema\/logo\/image\/","url":"https:\/\/www.mefamo.be\/MFMarts\/wp-content\/uploads\/2016\/09\/Logo-Mefamo-e1474883034358.png","contentUrl":"https:\/\/www.mefamo.be\/MFMarts\/wp-content\/uploads\/2016\/09\/Logo-Mefamo-e1474883034358.png","width":178,"height":50,"caption":"Mefamo"},"image":{"@id":"https:\/\/www.mefamo.be\/MFMarts\/#\/schema\/logo\/image\/"}}]}},"_links":{"self":[{"href":"https:\/\/www.mefamo.be\/MFMarts\/wp-json\/wp\/v2\/pages\/3332"}],"collection":[{"href":"https:\/\/www.mefamo.be\/MFMarts\/wp-json\/wp\/v2\/pages"}],"about":[{"href":"https:\/\/www.mefamo.be\/MFMarts\/wp-json\/wp\/v2\/types\/page"}],"author":[{"embeddable":true,"href":"https:\/\/www.mefamo.be\/MFMarts\/wp-json\/wp\/v2\/users\/1"}],"replies":[{"embeddable":true,"href":"https:\/\/www.mefamo.be\/MFMarts\/wp-json\/wp\/v2\/comments?post=3332"}],"version-history":[{"count":179,"href":"https:\/\/www.mefamo.be\/MFMarts\/wp-json\/wp\/v2\/pages\/3332\/revisions"}],"predecessor-version":[{"id":6106,"href":"https:\/\/www.mefamo.be\/MFMarts\/wp-json\/wp\/v2\/pages\/3332\/revisions\/6106"}],"wp:attachment":[{"href":"https:\/\/www.mefamo.be\/MFMarts\/wp-json\/wp\/v2\/media?parent=3332"}],"curies":[{"name":"wp","href":"https:\/\/api.w.org\/{rel}","templated":true}]}}