{"id":3330,"date":"2022-06-27T12:57:04","date_gmt":"2022-06-27T11:57:04","guid":{"rendered":"https:\/\/www.mefamo.be\/MFMarts\/?page_id=3330"},"modified":"2025-04-10T12:57:04","modified_gmt":"2025-04-10T11:57:04","slug":"diffusion","status":"publish","type":"page","link":"https:\/\/www.mefamo.be\/MFMarts\/diffusion\/","title":{"rendered":"Diffusion"},"content":{"rendered":"\t\t<div data-elementor-type=\"wp-page\" data-elementor-id=\"3330\" class=\"elementor elementor-3330\">\n\t\t\t\t\t\t<section class=\"elementor-section elementor-top-section elementor-element elementor-element-6272c032 elementor-section-boxed elementor-section-height-default elementor-section-height-default\" data-id=\"6272c032\" data-element_type=\"section\">\n\t\t\t\t\t\t<div class=\"elementor-container elementor-column-gap-default\">\n\t\t\t\t\t<div class=\"elementor-column elementor-col-100 elementor-top-column elementor-element elementor-element-1e04df56\" data-id=\"1e04df56\" data-element_type=\"column\">\n\t\t\t<div class=\"elementor-widget-wrap elementor-element-populated\">\n\t\t\t\t\t\t<div class=\"elementor-element elementor-element-89a5048 elementor-widget elementor-widget-html\" data-id=\"89a5048\" data-element_type=\"widget\" data-widget_type=\"html.default\">\n\t\t\t\t<div class=\"elementor-widget-container\">\n\t\t\t<p class=\"titre\">OFFSCREEN LI\u00c8GE<\/p>\n<img class='creaimg' src='https:\/\/zupimages.net\/up\/23\/13\/008n.png'\/>\n<div class=\"diffrect1\">\n    <p class=\"diffp1\">\n       Le Festival de cin\u00e9ma bruxellois Offscreen se pr\u00e9sente, depuis 2003, comme une plateforme alternative pour les cr\u00e9ations audiovisuelles ind\u00e9pendantes et les films de la marge. Le festival affiche une programmation fortement profil\u00e9e qui s\u2019adresse aux amateurs de cin\u00e9ma inhabituel et non conformiste : films B, culte, camp ou trash, cin\u00e9ma underground et d\u2019exploitation.\n<\/br><\/br>\nDepuis 2014, notre \u00e9quipe organise Offscreen Li\u00e8ge, d\u00e9centralisation qui prend la forme d\u2019un \u00ab mini-festival \u00bb naviguant entre les diff\u00e9rents lieux culturels li\u00e9geois (La Zone, les salles de Grignoux, le Pirate Movie Club, le Hangar, le Nickelodeon, le Cercle du Laveu,\u2026), en partenariat avec diverses strcutures, dont La Bila et R\u00e9jouiscience.\n    <\/p>\n    <a href=\"http:\/\/www.offscreen-liege.be\/\"><img decoding=\"async\" class=\"btn\" src=\"https:\/\/zupimages.net\/up\/23\/13\/rzoq.png\"\/><\/a>\n<\/div>\t\t<\/div>\n\t\t\t\t<\/div>\n\t\t\t\t\t<\/div>\n\t\t<\/div>\n\t\t\t\t\t<\/div>\n\t\t<\/section>\n\t\t\t\t<section class=\"elementor-section elementor-top-section elementor-element elementor-element-1a821b1 elementor-section-boxed elementor-section-height-default elementor-section-height-default\" data-id=\"1a821b1\" data-element_type=\"section\">\n\t\t\t\t\t\t<div class=\"elementor-container elementor-column-gap-default\">\n\t\t\t\t\t<div class=\"elementor-column elementor-col-100 elementor-top-column elementor-element elementor-element-8aa5d39\" data-id=\"8aa5d39\" data-element_type=\"column\">\n\t\t\t<div class=\"elementor-widget-wrap elementor-element-populated\">\n\t\t\t\t\t\t<div class=\"elementor-element elementor-element-442b81f elementor-widget elementor-widget-html\" data-id=\"442b81f\" data-element_type=\"widget\" data-widget_type=\"html.default\">\n\t\t\t\t<div class=\"elementor-widget-container\">\n\t\t\t<p class=\"titre\">PROJECTIONS DIVERSES<\/p>\n<img class='diffimg' src='https:\/\/zupimages.net\/up\/23\/13\/atka.png'\/>\n<div class=\"diffrect2\">\n    <p class=\"diffp2\">\n       En partenariat r\u00e9gulier avec les Grignoux, nous co-organisons ponctuellement des pr\u00e9sentations de films \u00ab de la marge \u00bb, bizarre, peu connu, hors-norme. Nous avons contribu\u00e9 aux projections sur grand \u00e9cran de Green Knight, Border, Robocop, Lighthouse, Vivarium, Freaks Out, Evil Dead 2, La Nuit des Morts-vivants, Light of my Life, Mad God et Hundreds of Beavers, entre autres.\n    <\/p>\n<\/div>\t\t<\/div>\n\t\t\t\t<\/div>\n\t\t\t\t\t<\/div>\n\t\t<\/div>\n\t\t\t\t\t<\/div>\n\t\t<\/section>\n\t\t\t\t<section class=\"elementor-section elementor-top-section elementor-element elementor-element-4644ab9 elementor-section-boxed elementor-section-height-default elementor-section-height-default\" data-id=\"4644ab9\" data-element_type=\"section\">\n\t\t\t\t\t\t<div class=\"elementor-container elementor-column-gap-default\">\n\t\t\t\t\t<div class=\"elementor-column elementor-col-100 elementor-top-column elementor-element elementor-element-384b22a\" data-id=\"384b22a\" data-element_type=\"column\">\n\t\t\t<div class=\"elementor-widget-wrap elementor-element-populated\">\n\t\t\t\t\t\t<div class=\"elementor-element elementor-element-c497e72 elementor-widget elementor-widget-html\" data-id=\"c497e72\" data-element_type=\"widget\" data-widget_type=\"html.default\">\n\t\t\t\t<div class=\"elementor-widget-container\">\n\t\t\t<p class=\"titre\">POPCORN CLUB<\/p>\n<img class='creaimg' src='https:\/\/zupimages.net\/up\/23\/13\/0375.png'\/>\n<div class=\"diffrect3\">\n    <p class=\"diffp1\">\n      Le Popcorn Club ? C\u2019est populaire, c\u2019est nostalgique, c\u2019est bon et \u00e7a croustille !\n<\/br><\/br>\nUne fois par mois, Caroline et Vincent se r\u00e9unissent avec d\u2019autres passionn\u00e9.e.s pour parler de leurs films pr\u00e9f\u00e9r\u00e9s.<\/p>\n<\/br>\n\n<p class=\"diffit\">\nMefamo soutient le Popcorn Club par la mise \u00e0 disposition de mat\u00e9riel et d\u2019un espace d\u2019enregistrement.\n    <\/p>\n    <iframe id=\"popcorn\" name=\"Ausha Podcast Player\" frameborder=\"0\" loading=\"lazy\" id=\"ausha-a1As\"   style=\"border: none;\" src=\"https:\/\/player.ausha.co\/index.html?showId=omQ8wf17LWpY&color=%23e40f0f&multishow=true&playlist=true&v=3&playerId=ausha-a1As\"><\/iframe><script src=\"https:\/\/player.ausha.co\/ausha-player.js\"><\/script>\n<\/div>\t\t<\/div>\n\t\t\t\t<\/div>\n\t\t\t\t\t<\/div>\n\t\t<\/div>\n\t\t\t\t\t<\/div>\n\t\t<\/section>\n\t\t\t\t<section class=\"elementor-section elementor-top-section elementor-element elementor-element-0396ce0 elementor-section-boxed elementor-section-height-default elementor-section-height-default\" data-id=\"0396ce0\" data-element_type=\"section\">\n\t\t\t\t\t\t<div class=\"elementor-container elementor-column-gap-default\">\n\t\t\t\t\t<div class=\"elementor-column elementor-col-100 elementor-top-column elementor-element elementor-element-e187186\" data-id=\"e187186\" data-element_type=\"column\">\n\t\t\t<div class=\"elementor-widget-wrap elementor-element-populated\">\n\t\t\t\t\t\t<div class=\"elementor-element elementor-element-d3fde46 elementor-widget elementor-widget-html\" data-id=\"d3fde46\" data-element_type=\"widget\" data-widget_type=\"html.default\">\n\t\t\t\t<div class=\"elementor-widget-container\">\n\t\t\t<p class=\"titre\">CONCEPT ART<\/p>\n<img class='diffimg' src='https:\/\/zupimages.net\/up\/23\/13\/atkn.png'\/>\n<div class=\"diffrect4\">\n    <p class=\"diffp2\">\n       Dans une d\u00e9marche de mise en lumi\u00e8re des m\u00e9tiers \u00ab p\u00e9riph\u00e9riques \u00bb de la cr\u00e9ation cin\u00e9matographique, nous avons co-organis\u00e9 en 2019 une semaine de d\u00e9couverte du m\u00e9tier de \u00ab Concept Artist \u00bb, en partenariat avec la Haute Ecole de la Province de Li\u00e8ge et la Biblioth\u00e8que des Litt\u00e9ratures d\u2019Aventures \u2013 Bila, \u00e0 destination d\u2019un public de professionnels et d\u2019\u00e9tudiants en communication dans le cadre du projet europ\u00e9en <b id=\"bold\">STORYTECHLINK<\/b>.\n<\/br><\/br>\nNous avions pour ce faire, invit\u00e9 <b id=\"bold\">David Levy<\/b>, Concept Artist international ayant travaill\u00e9 notamment sur Assassin\u2019s Creed, Prometheus, Tron Legacy et Star Wars 7, ainsi que <b id=\"bold\">Nicolas Fructus<\/b>, illustrateur et Concept Artist.\n<\/br><\/br>\nC\u2019est \u00e9galement dans le m\u00eame type de dynamique que Mefamo avait particip\u00e9 \u00e0 faire venir <b id=\"bold\">David Russel<\/b> (Concept Artist du Retour du Jedi) \u00e0 Li\u00e8ge en 2013 et 2017.\n    <\/p>\n<\/div>\t\t<\/div>\n\t\t\t\t<\/div>\n\t\t\t\t\t<\/div>\n\t\t<\/div>\n\t\t\t\t\t<\/div>\n\t\t<\/section>\n\t\t\t\t<section class=\"elementor-section elementor-top-section elementor-element elementor-element-7a61d03 elementor-section-boxed elementor-section-height-default elementor-section-height-default\" data-id=\"7a61d03\" data-element_type=\"section\">\n\t\t\t\t\t\t<div class=\"elementor-container elementor-column-gap-default\">\n\t\t\t\t\t<div class=\"elementor-column elementor-col-100 elementor-top-column elementor-element elementor-element-cdee24c\" data-id=\"cdee24c\" data-element_type=\"column\">\n\t\t\t<div class=\"elementor-widget-wrap elementor-element-populated\">\n\t\t\t\t\t\t<div class=\"elementor-element elementor-element-c8c226e elementor-widget elementor-widget-html\" data-id=\"c8c226e\" data-element_type=\"widget\" data-widget_type=\"html.default\">\n\t\t\t\t<div class=\"elementor-widget-container\">\n\t\t\t<p class=\"titre\">FORBIDDEN ZONE<\/p>\n<img class='creaimg' src='https:\/\/zupimages.net\/up\/23\/13\/rmby.png'\/>\n<div class=\"diffrect5\">\n    <p class=\"diffp1\">\n       La <b id=\"bold\">Forbidden Zone<\/b> est l\u2019espace d\u2019expression (im)pertinent du collectif. \u00c0 travers divers articles, nous vous parlerons de notre amour pour le cin\u00e9ma de divertissement, culte, bizarre, ainsi que pour le jeu vid\u00e9o, les nouvelles narrations, et pour la Pop Culture en g\u00e9n\u00e9ral.\n    <\/p>\n<\/div>\t\t<\/div>\n\t\t\t\t<\/div>\n\t\t\t\t\t<\/div>\n\t\t<\/div>\n\t\t\t\t\t<\/div>\n\t\t<\/section>\n\t\t\t\t<section class=\"elementor-section elementor-top-section elementor-element elementor-element-c6c66a4 elementor-section-boxed elementor-section-height-default elementor-section-height-default\" data-id=\"c6c66a4\" data-element_type=\"section\">\n\t\t\t\t\t\t<div class=\"elementor-container elementor-column-gap-default\">\n\t\t\t\t\t<div class=\"elementor-column elementor-col-100 elementor-top-column elementor-element elementor-element-472188e\" data-id=\"472188e\" data-element_type=\"column\">\n\t\t\t<div class=\"elementor-widget-wrap elementor-element-populated\">\n\t\t\t\t\t\t<div class=\"elementor-element elementor-element-bc4e4f5 elementor-widget elementor-widget-html\" data-id=\"bc4e4f5\" data-element_type=\"widget\" data-widget_type=\"html.default\">\n\t\t\t\t<div class=\"elementor-widget-container\">\n\t\t\t<p class=\"titre\">GRINDHOUSE<\/p>\n<img class='diffimg' src='https:\/\/zupimages.net\/up\/24\/06\/uc0q.png'\/>\n<div class=\"diffrect1\">\n    <p class=\"diffp2\">\n       Grindhouse, le podcast en double programme !\n<\/br><\/br>\nGrindhouse est un podcast d\u00e9di\u00e9 au cin\u00e9ma d\u2019exploitation, produit et r\u00e9alis\u00e9 par le collectif, sur une id\u00e9e originale de Vincent Tozzini, Vincent Abieri et Julien Cescotto.\nNous y d\u00e9terrons des films m\u00e9connus ou oubli\u00e9s et vous en proposons une approche th\u00e9matique inattendue. Au(x) programme(s) : Violence, gore, nudit\u00e9 et impertinence.\n    <\/p>\n    \n    <iframe name=\"Ausha Podcast Player\" frameborder=\"0\" loading=\"lazy\" id=\"ausha-OG5A\" height=\"220\" style=\"border: none; width:100%; height:220px\" src=\"https:\/\/player.ausha.co\/?showId=oa79p5TDPEek&color=%2372238e&v=3&playerId=ausha-OG5A\"><\/iframe><script src=\"https:\/\/player.ausha.co\/ausha-player.js\"><\/script>\n<\/div>\t\t<\/div>\n\t\t\t\t<\/div>\n\t\t\t\t\t<\/div>\n\t\t<\/div>\n\t\t\t\t\t<\/div>\n\t\t<\/section>\n\t\t\t\t<\/div>\n\t\t","protected":false},"excerpt":{"rendered":"<p>OFFSCREEN LI\u00c8GE Le Festival de cin\u00e9ma bruxellois Offscreen se pr\u00e9sente, depuis 2003, comme une plateforme&hellip;<\/p>\n","protected":false},"author":1,"featured_media":0,"parent":0,"menu_order":0,"comment_status":"closed","ping_status":"closed","template":"","meta":[],"yoast_head":"<!-- This site is optimized with the Yoast SEO plugin v20.2.1 - https:\/\/yoast.com\/wordpress\/plugins\/seo\/ -->\n<title>Diffusion - Mefamo<\/title>\n<meta name=\"robots\" content=\"index, follow, max-snippet:-1, max-image-preview:large, max-video-preview:-1\" \/>\n<link rel=\"canonical\" href=\"https:\/\/www.mefamo.be\/MFMarts\/diffusion\/\" \/>\n<meta property=\"og:locale\" content=\"fr_FR\" \/>\n<meta property=\"og:type\" content=\"article\" \/>\n<meta property=\"og:title\" content=\"Diffusion - Mefamo\" \/>\n<meta property=\"og:description\" content=\"OFFSCREEN LI\u00c8GE Le Festival de cin\u00e9ma bruxellois Offscreen se pr\u00e9sente, depuis 2003, comme une plateforme&hellip;\" \/>\n<meta property=\"og:url\" content=\"https:\/\/www.mefamo.be\/MFMarts\/diffusion\/\" \/>\n<meta property=\"og:site_name\" content=\"Mefamo\" \/>\n<meta property=\"article:modified_time\" content=\"2025-04-10T11:57:04+00:00\" \/>\n<meta property=\"og:image\" content=\"https:\/\/zupimages.net\/up\/23\/13\/008n.png\" \/>\n<meta name=\"twitter:card\" content=\"summary_large_image\" \/>\n<meta name=\"twitter:label1\" content=\"Dur\u00e9e de lecture estim\u00e9e\" \/>\n\t<meta name=\"twitter:data1\" content=\"4 minutes\" \/>\n<script type=\"application\/ld+json\" class=\"yoast-schema-graph\">{\"@context\":\"https:\/\/schema.org\",\"@graph\":[{\"@type\":\"WebPage\",\"@id\":\"https:\/\/www.mefamo.be\/MFMarts\/diffusion\/\",\"url\":\"https:\/\/www.mefamo.be\/MFMarts\/diffusion\/\",\"name\":\"Diffusion - Mefamo\",\"isPartOf\":{\"@id\":\"http:\/\/www.mefamo.be\/MFMarts\/#website\"},\"datePublished\":\"2022-06-27T11:57:04+00:00\",\"dateModified\":\"2025-04-10T11:57:04+00:00\",\"breadcrumb\":{\"@id\":\"https:\/\/www.mefamo.be\/MFMarts\/diffusion\/#breadcrumb\"},\"inLanguage\":\"fr-FR\",\"potentialAction\":[{\"@type\":\"ReadAction\",\"target\":[\"https:\/\/www.mefamo.be\/MFMarts\/diffusion\/\"]}]},{\"@type\":\"BreadcrumbList\",\"@id\":\"https:\/\/www.mefamo.be\/MFMarts\/diffusion\/#breadcrumb\",\"itemListElement\":[{\"@type\":\"ListItem\",\"position\":1,\"name\":\"Accueil\",\"item\":\"http:\/\/www.mefamo.be\/MFMarts\/\"},{\"@type\":\"ListItem\",\"position\":2,\"name\":\"Diffusion\"}]},{\"@type\":\"WebSite\",\"@id\":\"http:\/\/www.mefamo.be\/MFMarts\/#website\",\"url\":\"http:\/\/www.mefamo.be\/MFMarts\/\",\"name\":\"Mefamo\",\"description\":\"L&#039;imaginaire en mouvement\",\"publisher\":{\"@id\":\"http:\/\/www.mefamo.be\/MFMarts\/#organization\"},\"potentialAction\":[{\"@type\":\"SearchAction\",\"target\":{\"@type\":\"EntryPoint\",\"urlTemplate\":\"http:\/\/www.mefamo.be\/MFMarts\/?s={search_term_string}\"},\"query-input\":\"required name=search_term_string\"}],\"inLanguage\":\"fr-FR\"},{\"@type\":\"Organization\",\"@id\":\"http:\/\/www.mefamo.be\/MFMarts\/#organization\",\"name\":\"Mefamo\",\"url\":\"http:\/\/www.mefamo.be\/MFMarts\/\",\"logo\":{\"@type\":\"ImageObject\",\"inLanguage\":\"fr-FR\",\"@id\":\"http:\/\/www.mefamo.be\/MFMarts\/#\/schema\/logo\/image\/\",\"url\":\"https:\/\/www.mefamo.be\/MFMarts\/wp-content\/uploads\/2016\/09\/Logo-Mefamo-e1474883034358.png\",\"contentUrl\":\"https:\/\/www.mefamo.be\/MFMarts\/wp-content\/uploads\/2016\/09\/Logo-Mefamo-e1474883034358.png\",\"width\":178,\"height\":50,\"caption\":\"Mefamo\"},\"image\":{\"@id\":\"http:\/\/www.mefamo.be\/MFMarts\/#\/schema\/logo\/image\/\"}}]}<\/script>\n<!-- \/ Yoast SEO plugin. -->","yoast_head_json":{"title":"Diffusion - Mefamo","robots":{"index":"index","follow":"follow","max-snippet":"max-snippet:-1","max-image-preview":"max-image-preview:large","max-video-preview":"max-video-preview:-1"},"canonical":"https:\/\/www.mefamo.be\/MFMarts\/diffusion\/","og_locale":"fr_FR","og_type":"article","og_title":"Diffusion - Mefamo","og_description":"OFFSCREEN LI\u00c8GE Le Festival de cin\u00e9ma bruxellois Offscreen se pr\u00e9sente, depuis 2003, comme une plateforme&hellip;","og_url":"https:\/\/www.mefamo.be\/MFMarts\/diffusion\/","og_site_name":"Mefamo","article_modified_time":"2025-04-10T11:57:04+00:00","og_image":[{"url":"https:\/\/zupimages.net\/up\/23\/13\/008n.png"}],"twitter_card":"summary_large_image","twitter_misc":{"Dur\u00e9e de lecture estim\u00e9e":"4 minutes"},"schema":{"@context":"https:\/\/schema.org","@graph":[{"@type":"WebPage","@id":"https:\/\/www.mefamo.be\/MFMarts\/diffusion\/","url":"https:\/\/www.mefamo.be\/MFMarts\/diffusion\/","name":"Diffusion - Mefamo","isPartOf":{"@id":"http:\/\/www.mefamo.be\/MFMarts\/#website"},"datePublished":"2022-06-27T11:57:04+00:00","dateModified":"2025-04-10T11:57:04+00:00","breadcrumb":{"@id":"https:\/\/www.mefamo.be\/MFMarts\/diffusion\/#breadcrumb"},"inLanguage":"fr-FR","potentialAction":[{"@type":"ReadAction","target":["https:\/\/www.mefamo.be\/MFMarts\/diffusion\/"]}]},{"@type":"BreadcrumbList","@id":"https:\/\/www.mefamo.be\/MFMarts\/diffusion\/#breadcrumb","itemListElement":[{"@type":"ListItem","position":1,"name":"Accueil","item":"http:\/\/www.mefamo.be\/MFMarts\/"},{"@type":"ListItem","position":2,"name":"Diffusion"}]},{"@type":"WebSite","@id":"http:\/\/www.mefamo.be\/MFMarts\/#website","url":"http:\/\/www.mefamo.be\/MFMarts\/","name":"Mefamo","description":"L&#039;imaginaire en mouvement","publisher":{"@id":"http:\/\/www.mefamo.be\/MFMarts\/#organization"},"potentialAction":[{"@type":"SearchAction","target":{"@type":"EntryPoint","urlTemplate":"http:\/\/www.mefamo.be\/MFMarts\/?s={search_term_string}"},"query-input":"required name=search_term_string"}],"inLanguage":"fr-FR"},{"@type":"Organization","@id":"http:\/\/www.mefamo.be\/MFMarts\/#organization","name":"Mefamo","url":"http:\/\/www.mefamo.be\/MFMarts\/","logo":{"@type":"ImageObject","inLanguage":"fr-FR","@id":"http:\/\/www.mefamo.be\/MFMarts\/#\/schema\/logo\/image\/","url":"https:\/\/www.mefamo.be\/MFMarts\/wp-content\/uploads\/2016\/09\/Logo-Mefamo-e1474883034358.png","contentUrl":"https:\/\/www.mefamo.be\/MFMarts\/wp-content\/uploads\/2016\/09\/Logo-Mefamo-e1474883034358.png","width":178,"height":50,"caption":"Mefamo"},"image":{"@id":"http:\/\/www.mefamo.be\/MFMarts\/#\/schema\/logo\/image\/"}}]}},"_links":{"self":[{"href":"https:\/\/www.mefamo.be\/MFMarts\/wp-json\/wp\/v2\/pages\/3330"}],"collection":[{"href":"https:\/\/www.mefamo.be\/MFMarts\/wp-json\/wp\/v2\/pages"}],"about":[{"href":"https:\/\/www.mefamo.be\/MFMarts\/wp-json\/wp\/v2\/types\/page"}],"author":[{"embeddable":true,"href":"https:\/\/www.mefamo.be\/MFMarts\/wp-json\/wp\/v2\/users\/1"}],"replies":[{"embeddable":true,"href":"https:\/\/www.mefamo.be\/MFMarts\/wp-json\/wp\/v2\/comments?post=3330"}],"version-history":[{"count":110,"href":"https:\/\/www.mefamo.be\/MFMarts\/wp-json\/wp\/v2\/pages\/3330\/revisions"}],"predecessor-version":[{"id":5946,"href":"https:\/\/www.mefamo.be\/MFMarts\/wp-json\/wp\/v2\/pages\/3330\/revisions\/5946"}],"wp:attachment":[{"href":"https:\/\/www.mefamo.be\/MFMarts\/wp-json\/wp\/v2\/media?parent=3330"}],"curies":[{"name":"wp","href":"https:\/\/api.w.org\/{rel}","templated":true}]}}