{"id":3321,"date":"2022-06-27T12:36:27","date_gmt":"2022-06-27T11:36:27","guid":{"rendered":"https:\/\/www.mefamo.be\/MFMarts\/?page_id=3321"},"modified":"2026-04-27T10:17:40","modified_gmt":"2026-04-27T09:17:40","slug":"accueil","status":"publish","type":"page","link":"https:\/\/www.mefamo.be\/MFMarts\/","title":{"rendered":"Accueil"},"content":{"rendered":"\t\t<div data-elementor-type=\"wp-page\" data-elementor-id=\"3321\" class=\"elementor elementor-3321\">\n\t\t\t\t\t\t<section class=\"elementor-section elementor-top-section elementor-element elementor-element-9e1e08 elementor-section-boxed elementor-section-height-default elementor-section-height-default\" data-id=\"9e1e08\" data-element_type=\"section\">\n\t\t\t\t\t\t<div class=\"elementor-container elementor-column-gap-default\">\n\t\t\t\t\t<div class=\"elementor-column elementor-col-100 elementor-top-column elementor-element elementor-element-348e377\" data-id=\"348e377\" data-element_type=\"column\">\n\t\t\t<div class=\"elementor-widget-wrap elementor-element-populated\">\n\t\t\t\t\t\t<div class=\"elementor-element elementor-element-154b1ea elementor-widget elementor-widget-html\" data-id=\"154b1ea\" data-element_type=\"widget\" data-widget_type=\"html.default\">\n\t\t\t\t<div class=\"elementor-widget-container\">\n\t\t\t<div class=\"vignettes\"><a href=\"http:\/\/www.mefamo.be\/MFMarts\/creation\/\"><img decoding=\"async\" src=\"https:\/\/zupimages.net\/up\/23\/13\/n6qf.png\" id=\"accimg\" class=\"creation\" alt=\"\" \/><\/a>\n<a href=\"http:\/\/www.mefamo.be\/MFMarts\/developpement\/\"><img decoding=\"async\" src=\"https:\/\/zupimages.net\/up\/23\/13\/z3fv.png\" id=\"accimg\" class=\"dvlp\" alt=\"\" \/><\/a>\n <a href=\"http:\/\/www.mefamo.be\/MFMarts\/diffusion\/\"><img decoding=\"async\" src=\"https:\/\/zupimages.net\/up\/23\/13\/bmef.png\" id=\"accimg\" class=\"diffusion\" alt=\"\" \/><\/a>\n <a href=\"http:\/\/www.mefamo.be\/MFMarts\/formation-atelier\/\"><img decoding=\"async\" src=\"https:\/\/zupimages.net\/up\/23\/13\/kd1v.png\" id=\"accimg\" class=\"formation\" alt=\"\" \/><\/a>\n<\/div>\t\t<\/div>\n\t\t\t\t<\/div>\n\t\t\t\t\t<\/div>\n\t\t<\/div>\n\t\t\t\t\t<\/div>\n\t\t<\/section>\n\t\t\t\t<section class=\"elementor-section elementor-top-section elementor-element elementor-element-421a6d5 elementor-section-boxed elementor-section-height-default elementor-section-height-default\" data-id=\"421a6d5\" data-element_type=\"section\">\n\t\t\t\t\t\t<div class=\"elementor-container elementor-column-gap-default\">\n\t\t\t\t\t<div class=\"elementor-column elementor-col-100 elementor-top-column elementor-element elementor-element-5bfb7e8\" data-id=\"5bfb7e8\" data-element_type=\"column\">\n\t\t\t<div class=\"elementor-widget-wrap elementor-element-populated\">\n\t\t\t\t\t\t<div class=\"elementor-element elementor-element-ae34968 elementor-widget elementor-widget-html\" data-id=\"ae34968\" data-element_type=\"widget\" data-widget_type=\"html.default\">\n\t\t\t\t<div class=\"elementor-widget-container\">\n\t\t\t<div id=\"accueil2\" class=\"rectangle\">\n    <a href=\"http:\/\/www.mefamo.be\/MFMarts\/creation\/\"><img decoding=\"async\" src=\"https:\/\/zupimages.net\/up\/23\/13\/n6qf.png\" class=\"creation2\" id=\"responsimg\" alt=\"\" \/><\/a>\n    <p class=\"responscrea\">\n        L'asbl r\u00e9alise ses propres \u0153uvres originales, comme le conte gothique Caducea, et soutient \u00e9galement la cr\u00e9ation d\u2019\u0153uvres diverses (li\u00e9s aux cultures de l\u2019imaginaire ou en ad\u00e9quation avec les valeurs d\u00e9fendues par les membres du collectif) via des ateliers de d\u00e9veloppement, du pr\u00eat de mat\u00e9riel ou des renforts humains.\n        \n    <\/p>\n    \n<\/div>\t\t<\/div>\n\t\t\t\t<\/div>\n\t\t\t\t<div class=\"elementor-element elementor-element-3087b6d elementor-widget elementor-widget-html\" data-id=\"3087b6d\" data-element_type=\"widget\" data-widget_type=\"html.default\">\n\t\t\t\t<div class=\"elementor-widget-container\">\n\t\t\t<div id=\"accueil\" class=\"rectangledvlp\">\n    <p class=\"responsdvlp\">\n        Vos projets cr\u00e9atifs peuvent entrer dans le <a class=\"em\" href=\"http:\/\/www.mefamo.be\/MFMarts\/developpement\/\"><u>Laboratoire Chim\u00e9rique<\/u><\/a>, la matrice de vos \u0153uvres de fiction ou tout autre projet \u00e0 forte valeur imaginaire ajout\u00e9e.\n         <\/p>\n    <a href=\"http:\/\/www.mefamo.be\/MFMarts\/developpement\/\"><img decoding=\"async\" src=\"https:\/\/zupimages.net\/up\/23\/13\/z3fv.png\" class=\"dvlp2\" id=\"responsimg\" alt=\"\" \/><\/a>\n    \n    \n<\/div>\t\t<\/div>\n\t\t\t\t<\/div>\n\t\t\t\t\t<\/div>\n\t\t<\/div>\n\t\t\t\t\t<\/div>\n\t\t<\/section>\n\t\t\t\t<section class=\"elementor-section elementor-top-section elementor-element elementor-element-9d9f5a3 elementor-section-boxed elementor-section-height-default elementor-section-height-default\" data-id=\"9d9f5a3\" data-element_type=\"section\">\n\t\t\t\t\t\t<div class=\"elementor-container elementor-column-gap-default\">\n\t\t\t\t\t<div class=\"elementor-column elementor-col-100 elementor-top-column elementor-element elementor-element-60c467b\" data-id=\"60c467b\" data-element_type=\"column\">\n\t\t\t<div class=\"elementor-widget-wrap elementor-element-populated\">\n\t\t\t\t\t\t<div class=\"elementor-element elementor-element-ab1be01 elementor-widget elementor-widget-html\" data-id=\"ab1be01\" data-element_type=\"widget\" data-widget_type=\"html.default\">\n\t\t\t\t<div class=\"elementor-widget-container\">\n\t\t\t<div id=\"accueil4\" class=\"rectangle\">\n    <a href=\"http:\/\/www.mefamo.be\/MFMarts\/diffusion\/\"><img decoding=\"async\" src=\"https:\/\/zupimages.net\/up\/23\/13\/bmef.png\" class=\"diffusion2\" id=\"responsimg\" alt=\"\" \/><\/a>\n    <p class=\"responsdiff\">\n        Mefamo est depuis 2014 \u00e0 la base de la d\u00e9centralisation li\u00e9geoise du <a class=\"em\" href=\"http:\/\/www.offscreen-liege.be\/\"><u>Festival Offscreen<\/u><\/a>. C\u2019est depuis cette date que nous avons un positionnement et une d\u00e9marche de mise en lumi\u00e8re d\u2019\u0153uvres cultes\/\u00e9tranges\/ind\u00e9finissables, notamment via un partenariat avec le r\u00e9seau de salles de cin\u00e9ma des <a class=\"em\" href=\"https:\/\/www.grignoux.be\/fr\/\"><u>Grignoux<\/u><\/a>, mais aussi d\u2019autres collaborations, comme le festival <a class=\"em\" href=\"https:\/\/courtsmaistrash.net\/\"><u>Courts Mais Trash<\/u><\/a>.\n    <\/p>\n    \n<\/div>\t\t<\/div>\n\t\t\t\t<\/div>\n\t\t\t\t<div class=\"elementor-element elementor-element-73d1474 elementor-widget elementor-widget-html\" data-id=\"73d1474\" data-element_type=\"widget\" data-widget_type=\"html.default\">\n\t\t\t\t<div class=\"elementor-widget-container\">\n\t\t\t<div id=\"accueil3\" class=\"rectangle\">\n    <p class=\"responsform\">\n        Notre volet Formation est principalement pris en charge par la structure <a class=\"em\" href=\"https:\/\/www.chacunsoncinema.be\/\"><u>A Chacun Son Cin\u00e9ma<\/u><\/a>. Atelier-d\u00e9couverte des m\u00e9tiers du cin\u00e9ma, stage de cr\u00e9ation vid\u00e9o et jeu vid\u00e9o, Masterclass sur la r\u00e9alisation, le concept art, le montage, mais \u00e9galement ateliers d\u00e9di\u00e9s \u00e0 l\u2019\u00e9ducation aux m\u00e9dia.\n<\/br>\n<\/br>\nNos formules sont multiples et peuvent s\u2019adapter \u00e0 vos besoins.\n         <\/p>\n    <a href=\"http:\/\/www.mefamo.be\/MFMarts\/formation-atelier\/\"><img decoding=\"async\" src=\"https:\/\/zupimages.net\/up\/23\/13\/kd1v.png\" class=\"form2\" alt=\"\" id=\"responsimg\" \/><\/a>\n    \n    \n<\/div>\t\t<\/div>\n\t\t\t\t<\/div>\n\t\t\t\t\t<\/div>\n\t\t<\/div>\n\t\t\t\t\t<\/div>\n\t\t<\/section>\n\t\t\t\t<\/div>\n\t\t","protected":false},"excerpt":{"rendered":"<p>L&rsquo;asbl r\u00e9alise ses propres \u0153uvres originales, comme le conte gothique Caducea, et soutient \u00e9galement la&hellip;<\/p>\n","protected":false},"author":1,"featured_media":0,"parent":0,"menu_order":0,"comment_status":"closed","ping_status":"closed","template":"","meta":[],"yoast_head":"<!-- This site is optimized with the Yoast SEO plugin v20.2.1 - https:\/\/yoast.com\/wordpress\/plugins\/seo\/ -->\n<title>Accueil - Mefamo<\/title>\n<meta name=\"description\" content=\"Mefamo r\u00e9unit, sous la banni\u00e8re du cin\u00e9ma de genre, un collectif de passionn\u00e9(e)s ayant \u00e0 c\u0153ur de d\u00e9fendre autant un cin\u00e9ma populaire qu\u2019un cin\u00e9ma alternatif, parfois moins accessible, ou trop m\u00e9connu, voire injustement m\u00e9pris\u00e9.\" \/>\n<meta name=\"robots\" content=\"index, follow, max-snippet:-1, max-image-preview:large, max-video-preview:-1\" \/>\n<link rel=\"canonical\" href=\"https:\/\/www.mefamo.be\/MFMarts\/\" \/>\n<meta property=\"og:locale\" content=\"fr_FR\" \/>\n<meta property=\"og:type\" content=\"article\" \/>\n<meta property=\"og:title\" content=\"Accueil - Mefamo\" \/>\n<meta property=\"og:description\" content=\"Mefamo r\u00e9unit, sous la banni\u00e8re du cin\u00e9ma de genre, un collectif de passionn\u00e9(e)s ayant \u00e0 c\u0153ur de d\u00e9fendre autant un cin\u00e9ma populaire qu\u2019un cin\u00e9ma alternatif, parfois moins accessible, ou trop m\u00e9connu, voire injustement m\u00e9pris\u00e9.\" \/>\n<meta property=\"og:url\" content=\"https:\/\/www.mefamo.be\/MFMarts\/\" \/>\n<meta property=\"og:site_name\" content=\"Mefamo\" \/>\n<meta property=\"article:modified_time\" content=\"2026-04-27T09:17:40+00:00\" \/>\n<meta property=\"og:image\" content=\"https:\/\/www.mefamo.be\/MFMarts\/wp-content\/uploads\/2022\/11\/BANNER-AXES.png\" \/>\n\t<meta property=\"og:image:width\" content=\"1920\" \/>\n\t<meta property=\"og:image:height\" content=\"1080\" \/>\n\t<meta property=\"og:image:type\" content=\"image\/png\" \/>\n<meta name=\"twitter:card\" content=\"summary_large_image\" \/>\n<meta name=\"twitter:description\" content=\"Mefamo r\u00e9unit, sous la banni\u00e8re du cin\u00e9ma de genre, un collectif de passionn\u00e9(e)s ayant \u00e0 c\u0153ur de d\u00e9fendre autant un cin\u00e9ma populaire qu\u2019un cin\u00e9ma alternatif, parfois moins accessible, ou trop m\u00e9connu, voire injustement m\u00e9pris\u00e9.\" \/>\n<meta name=\"twitter:image\" content=\"https:\/\/www.mefamo.be\/MFMarts\/wp-content\/uploads\/2022\/11\/BANNER-AXES.png\" \/>\n<meta name=\"twitter:label1\" content=\"Dur\u00e9e de lecture estim\u00e9e\" \/>\n\t<meta name=\"twitter:data1\" content=\"3 minutes\" \/>\n<script type=\"application\/ld+json\" class=\"yoast-schema-graph\">{\"@context\":\"https:\/\/schema.org\",\"@graph\":[{\"@type\":\"WebPage\",\"@id\":\"https:\/\/www.mefamo.be\/MFMarts\/\",\"url\":\"https:\/\/www.mefamo.be\/MFMarts\/\",\"name\":\"Accueil - Mefamo\",\"isPartOf\":{\"@id\":\"https:\/\/www.mefamo.be\/MFMarts\/#website\"},\"datePublished\":\"2022-06-27T11:36:27+00:00\",\"dateModified\":\"2026-04-27T09:17:40+00:00\",\"description\":\"Mefamo r\u00e9unit, sous la banni\u00e8re du cin\u00e9ma de genre, un collectif de passionn\u00e9(e)s ayant \u00e0 c\u0153ur de d\u00e9fendre autant un cin\u00e9ma populaire qu\u2019un cin\u00e9ma alternatif, parfois moins accessible, ou trop m\u00e9connu, voire injustement m\u00e9pris\u00e9.\",\"breadcrumb\":{\"@id\":\"https:\/\/www.mefamo.be\/MFMarts\/#breadcrumb\"},\"inLanguage\":\"fr-FR\",\"potentialAction\":[{\"@type\":\"ReadAction\",\"target\":[\"https:\/\/www.mefamo.be\/MFMarts\/\"]}]},{\"@type\":\"BreadcrumbList\",\"@id\":\"https:\/\/www.mefamo.be\/MFMarts\/#breadcrumb\",\"itemListElement\":[{\"@type\":\"ListItem\",\"position\":1,\"name\":\"Accueil\",\"item\":\"https:\/\/www.mefamo.be\/MFMarts\/\"},{\"@type\":\"ListItem\",\"position\":2,\"name\":\"Accueil\"}]},{\"@type\":\"WebSite\",\"@id\":\"https:\/\/www.mefamo.be\/MFMarts\/#website\",\"url\":\"https:\/\/www.mefamo.be\/MFMarts\/\",\"name\":\"Mefamo\",\"description\":\"L&#039;imaginaire en mouvement\",\"publisher\":{\"@id\":\"https:\/\/www.mefamo.be\/MFMarts\/#organization\"},\"potentialAction\":[{\"@type\":\"SearchAction\",\"target\":{\"@type\":\"EntryPoint\",\"urlTemplate\":\"https:\/\/www.mefamo.be\/MFMarts\/?s={search_term_string}\"},\"query-input\":\"required name=search_term_string\"}],\"inLanguage\":\"fr-FR\"},{\"@type\":\"Organization\",\"@id\":\"https:\/\/www.mefamo.be\/MFMarts\/#organization\",\"name\":\"Mefamo\",\"url\":\"https:\/\/www.mefamo.be\/MFMarts\/\",\"logo\":{\"@type\":\"ImageObject\",\"inLanguage\":\"fr-FR\",\"@id\":\"https:\/\/www.mefamo.be\/MFMarts\/#\/schema\/logo\/image\/\",\"url\":\"https:\/\/www.mefamo.be\/MFMarts\/wp-content\/uploads\/2016\/09\/Logo-Mefamo-e1474883034358.png\",\"contentUrl\":\"https:\/\/www.mefamo.be\/MFMarts\/wp-content\/uploads\/2016\/09\/Logo-Mefamo-e1474883034358.png\",\"width\":178,\"height\":50,\"caption\":\"Mefamo\"},\"image\":{\"@id\":\"https:\/\/www.mefamo.be\/MFMarts\/#\/schema\/logo\/image\/\"}}]}<\/script>\n<!-- \/ Yoast SEO plugin. -->","yoast_head_json":{"title":"Accueil - Mefamo","description":"Mefamo r\u00e9unit, sous la banni\u00e8re du cin\u00e9ma de genre, un collectif de passionn\u00e9(e)s ayant \u00e0 c\u0153ur de d\u00e9fendre autant un cin\u00e9ma populaire qu\u2019un cin\u00e9ma alternatif, parfois moins accessible, ou trop m\u00e9connu, voire injustement m\u00e9pris\u00e9.","robots":{"index":"index","follow":"follow","max-snippet":"max-snippet:-1","max-image-preview":"max-image-preview:large","max-video-preview":"max-video-preview:-1"},"canonical":"https:\/\/www.mefamo.be\/MFMarts\/","og_locale":"fr_FR","og_type":"article","og_title":"Accueil - Mefamo","og_description":"Mefamo r\u00e9unit, sous la banni\u00e8re du cin\u00e9ma de genre, un collectif de passionn\u00e9(e)s ayant \u00e0 c\u0153ur de d\u00e9fendre autant un cin\u00e9ma populaire qu\u2019un cin\u00e9ma alternatif, parfois moins accessible, ou trop m\u00e9connu, voire injustement m\u00e9pris\u00e9.","og_url":"https:\/\/www.mefamo.be\/MFMarts\/","og_site_name":"Mefamo","article_modified_time":"2026-04-27T09:17:40+00:00","og_image":[{"width":1920,"height":1080,"url":"https:\/\/www.mefamo.be\/MFMarts\/wp-content\/uploads\/2022\/11\/BANNER-AXES.png","type":"image\/png"}],"twitter_card":"summary_large_image","twitter_description":"Mefamo r\u00e9unit, sous la banni\u00e8re du cin\u00e9ma de genre, un collectif de passionn\u00e9(e)s ayant \u00e0 c\u0153ur de d\u00e9fendre autant un cin\u00e9ma populaire qu\u2019un cin\u00e9ma alternatif, parfois moins accessible, ou trop m\u00e9connu, voire injustement m\u00e9pris\u00e9.","twitter_image":"https:\/\/www.mefamo.be\/MFMarts\/wp-content\/uploads\/2022\/11\/BANNER-AXES.png","twitter_misc":{"Dur\u00e9e de lecture estim\u00e9e":"3 minutes"},"schema":{"@context":"https:\/\/schema.org","@graph":[{"@type":"WebPage","@id":"https:\/\/www.mefamo.be\/MFMarts\/","url":"https:\/\/www.mefamo.be\/MFMarts\/","name":"Accueil - Mefamo","isPartOf":{"@id":"https:\/\/www.mefamo.be\/MFMarts\/#website"},"datePublished":"2022-06-27T11:36:27+00:00","dateModified":"2026-04-27T09:17:40+00:00","description":"Mefamo r\u00e9unit, sous la banni\u00e8re du cin\u00e9ma de genre, un collectif de passionn\u00e9(e)s ayant \u00e0 c\u0153ur de d\u00e9fendre autant un cin\u00e9ma populaire qu\u2019un cin\u00e9ma alternatif, parfois moins accessible, ou trop m\u00e9connu, voire injustement m\u00e9pris\u00e9.","breadcrumb":{"@id":"https:\/\/www.mefamo.be\/MFMarts\/#breadcrumb"},"inLanguage":"fr-FR","potentialAction":[{"@type":"ReadAction","target":["https:\/\/www.mefamo.be\/MFMarts\/"]}]},{"@type":"BreadcrumbList","@id":"https:\/\/www.mefamo.be\/MFMarts\/#breadcrumb","itemListElement":[{"@type":"ListItem","position":1,"name":"Accueil","item":"https:\/\/www.mefamo.be\/MFMarts\/"},{"@type":"ListItem","position":2,"name":"Accueil"}]},{"@type":"WebSite","@id":"https:\/\/www.mefamo.be\/MFMarts\/#website","url":"https:\/\/www.mefamo.be\/MFMarts\/","name":"Mefamo","description":"L&#039;imaginaire en mouvement","publisher":{"@id":"https:\/\/www.mefamo.be\/MFMarts\/#organization"},"potentialAction":[{"@type":"SearchAction","target":{"@type":"EntryPoint","urlTemplate":"https:\/\/www.mefamo.be\/MFMarts\/?s={search_term_string}"},"query-input":"required name=search_term_string"}],"inLanguage":"fr-FR"},{"@type":"Organization","@id":"https:\/\/www.mefamo.be\/MFMarts\/#organization","name":"Mefamo","url":"https:\/\/www.mefamo.be\/MFMarts\/","logo":{"@type":"ImageObject","inLanguage":"fr-FR","@id":"https:\/\/www.mefamo.be\/MFMarts\/#\/schema\/logo\/image\/","url":"https:\/\/www.mefamo.be\/MFMarts\/wp-content\/uploads\/2016\/09\/Logo-Mefamo-e1474883034358.png","contentUrl":"https:\/\/www.mefamo.be\/MFMarts\/wp-content\/uploads\/2016\/09\/Logo-Mefamo-e1474883034358.png","width":178,"height":50,"caption":"Mefamo"},"image":{"@id":"https:\/\/www.mefamo.be\/MFMarts\/#\/schema\/logo\/image\/"}}]}},"_links":{"self":[{"href":"https:\/\/www.mefamo.be\/MFMarts\/wp-json\/wp\/v2\/pages\/3321"}],"collection":[{"href":"https:\/\/www.mefamo.be\/MFMarts\/wp-json\/wp\/v2\/pages"}],"about":[{"href":"https:\/\/www.mefamo.be\/MFMarts\/wp-json\/wp\/v2\/types\/page"}],"author":[{"embeddable":true,"href":"https:\/\/www.mefamo.be\/MFMarts\/wp-json\/wp\/v2\/users\/1"}],"replies":[{"embeddable":true,"href":"https:\/\/www.mefamo.be\/MFMarts\/wp-json\/wp\/v2\/comments?post=3321"}],"version-history":[{"count":224,"href":"https:\/\/www.mefamo.be\/MFMarts\/wp-json\/wp\/v2\/pages\/3321\/revisions"}],"predecessor-version":[{"id":6103,"href":"https:\/\/www.mefamo.be\/MFMarts\/wp-json\/wp\/v2\/pages\/3321\/revisions\/6103"}],"wp:attachment":[{"href":"https:\/\/www.mefamo.be\/MFMarts\/wp-json\/wp\/v2\/media?parent=3321"}],"curies":[{"name":"wp","href":"https:\/\/api.w.org\/{rel}","templated":true}]}}