{"id":3986,"date":"2023-03-31T09:00:11","date_gmt":"2023-03-31T08:00:11","guid":{"rendered":"http:\/\/www.mefamo.be\/MFMarts\/?page_id=3986"},"modified":"2023-03-31T12:00:25","modified_gmt":"2023-03-31T11:00:25","slug":"creation","status":"publish","type":"page","link":"http:\/\/www.mefamo.be\/MFMarts\/creation\/","title":{"rendered":"Cr\u00e9ation"},"content":{"rendered":"\t\t<div data-elementor-type=\"wp-page\" data-elementor-id=\"3986\" class=\"elementor elementor-3986\">\n\t\t\t\t\t\t<section class=\"elementor-section elementor-top-section elementor-element elementor-element-662dc7c elementor-section-boxed elementor-section-height-default elementor-section-height-default\" data-id=\"662dc7c\" data-element_type=\"section\">\n\t\t\t\t\t\t<div class=\"elementor-container elementor-column-gap-default\">\n\t\t\t\t\t<div class=\"elementor-column elementor-col-100 elementor-top-column elementor-element elementor-element-c89525b\" data-id=\"c89525b\" data-element_type=\"column\">\n\t\t\t<div class=\"elementor-widget-wrap elementor-element-populated\">\n\t\t\t\t\t\t<div class=\"elementor-element elementor-element-a502d7d elementor-widget elementor-widget-html\" data-id=\"a502d7d\" data-element_type=\"widget\" data-widget_type=\"html.default\">\n\t\t\t\t<div class=\"elementor-widget-container\">\n\t\t\t\n<p class=\"titre\">CADUC\u00c9A<\/p>\n<img class='creaimg' src='https:\/\/zupimages.net\/up\/23\/13\/pja1.png'\/>\n<div class=\"rectangle2\">\n    <p class=\"creap\">\n        Caducea est un court m\u00e9trage ind\u00e9pendant belge, produit en interne en 2015 et sorti en 2017, un conte atmosph\u00e9rique et gothique, tourn\u00e9 avec un budget de moins de 3200\u20ac et post-produit avec 5000\u20ac et l\u2019aide du Clap ! et du WIP. Il a \u00e9t\u00e9 s\u00e9lectionn\u00e9 dans 137 festivals \u00e0 travers le monde et a remport\u00e9 une multitude de prix dans 91 d\u2019entre eux.\n    <\/p>\n    <p class=\"italic\">\n        Alain a v\u00e9cu sa jeunesse dans un vaste domaine familial sous le regard de sa m\u00e8re Catherine, secr\u00e8te et peu liante. Seul Tom, son fr\u00e8re a\u00een\u00e9 adoptif, animait ses journ\u00e9es. Infirme, d\u00e9figur\u00e9, Tom transformait sa maladie d\u00e9g\u00e9n\u00e9rative en jeu, cr\u00e9ant des masques d\u2019\u00e9corce inspir\u00e9s de la Commedia Dell\u2019arte\u2026\n    <\/p>\n   <iframe id=\"creavid\" src=\"https:\/\/player.vimeo.com\/video\/236735887?h=b1afc4a146\" frameborder=\"0\" allow=\"autoplay; fullscreen; picture-in-picture\" allowfullscreen><\/iframe>\n<\/div>\t\t<\/div>\n\t\t\t\t<\/div>\n\t\t\t\t\t<\/div>\n\t\t<\/div>\n\t\t\t\t\t<\/div>\n\t\t<\/section>\n\t\t\t\t<section class=\"elementor-section elementor-top-section elementor-element elementor-element-935cdde elementor-section-boxed elementor-section-height-default elementor-section-height-default\" data-id=\"935cdde\" data-element_type=\"section\">\n\t\t\t\t\t\t<div class=\"elementor-container elementor-column-gap-default\">\n\t\t\t\t\t<div class=\"elementor-column elementor-col-100 elementor-top-column elementor-element elementor-element-5ce18c2\" data-id=\"5ce18c2\" data-element_type=\"column\">\n\t\t\t<div class=\"elementor-widget-wrap elementor-element-populated\">\n\t\t\t\t\t\t<div class=\"elementor-element elementor-element-b5961f1 elementor-widget elementor-widget-html\" data-id=\"b5961f1\" data-element_type=\"widget\" data-widget_type=\"html.default\">\n\t\t\t\t<div class=\"elementor-widget-container\">\n\t\t\t<p class=\"titre2\">AUTRES CR\u00c9ATIONS<\/p>\n\n<div class=\"rectangle3\">\n   <iframe id=\"creavid\" src=\"https:\/\/player.vimeo.com\/video\/485135671?h=6117ad978d\" frameborder=\"0\" allow=\"autoplay; fullscreen; picture-in-picture\" allowfullscreen><\/iframe>\n   <p class=\"titre3\">CAPSULE PROMOTIONNELLE DE L\u2019ATELIER DU CHAT NOIR<\/p>\n<\/div>\t\t<\/div>\n\t\t\t\t<\/div>\n\t\t\t\t\t<\/div>\n\t\t<\/div>\n\t\t\t\t\t<\/div>\n\t\t<\/section>\n\t\t\t\t<section class=\"elementor-section elementor-top-section elementor-element elementor-element-ef19487 elementor-section-boxed elementor-section-height-default elementor-section-height-default\" data-id=\"ef19487\" data-element_type=\"section\">\n\t\t\t\t\t\t<div class=\"elementor-container elementor-column-gap-default\">\n\t\t\t\t\t<div class=\"elementor-column elementor-col-100 elementor-top-column elementor-element elementor-element-8325d4c\" data-id=\"8325d4c\" data-element_type=\"column\">\n\t\t\t<div class=\"elementor-widget-wrap elementor-element-populated\">\n\t\t\t\t\t\t<div class=\"elementor-element elementor-element-60bdc9b elementor-widget elementor-widget-html\" data-id=\"60bdc9b\" data-element_type=\"widget\" data-widget_type=\"html.default\">\n\t\t\t\t<div class=\"elementor-widget-container\">\n\t\t\t<div class=\"bar\">\n  \n<\/div>\t\t<\/div>\n\t\t\t\t<\/div>\n\t\t\t\t\t<\/div>\n\t\t<\/div>\n\t\t\t\t\t<\/div>\n\t\t<\/section>\n\t\t\t\t<section class=\"elementor-section elementor-top-section elementor-element elementor-element-da2f912 elementor-section-boxed elementor-section-height-default elementor-section-height-default\" data-id=\"da2f912\" data-element_type=\"section\">\n\t\t\t\t\t\t<div class=\"elementor-container elementor-column-gap-default\">\n\t\t\t\t\t<div class=\"elementor-column elementor-col-100 elementor-top-column elementor-element elementor-element-b731856\" data-id=\"b731856\" data-element_type=\"column\">\n\t\t\t<div class=\"elementor-widget-wrap elementor-element-populated\">\n\t\t\t\t\t\t<div class=\"elementor-element elementor-element-676bf77 elementor-widget elementor-widget-html\" data-id=\"676bf77\" data-element_type=\"widget\" data-widget_type=\"html.default\">\n\t\t\t\t<div class=\"elementor-widget-container\">\n\t\t\t<div class=\"rectangle4\">\n   <iframe id=\"creavid\" src=\"https:\/\/player.vimeo.com\/video\/380519327?h=e57bd9a0a2\" frameborder=\"0\" allow=\"autoplay; fullscreen; picture-in-picture\" allowfullscreen><\/iframe>\n   <p class=\"titre3\">CLIP \u2018LA VULGU AUX OISEAUX\u2019 DE CILDELOUP<\/p>\n<\/div>\n\t\t<\/div>\n\t\t\t\t<\/div>\n\t\t\t\t\t<\/div>\n\t\t<\/div>\n\t\t\t\t\t<\/div>\n\t\t<\/section>\n\t\t\t\t<section class=\"elementor-section elementor-top-section elementor-element elementor-element-c76289f elementor-section-boxed elementor-section-height-default elementor-section-height-default\" data-id=\"c76289f\" data-element_type=\"section\">\n\t\t\t\t\t\t<div class=\"elementor-container elementor-column-gap-default\">\n\t\t\t\t\t<div class=\"elementor-column elementor-col-100 elementor-top-column elementor-element elementor-element-246b343\" data-id=\"246b343\" data-element_type=\"column\">\n\t\t\t<div class=\"elementor-widget-wrap elementor-element-populated\">\n\t\t\t\t\t\t<div class=\"elementor-element elementor-element-b583381 elementor-widget elementor-widget-html\" data-id=\"b583381\" data-element_type=\"widget\" data-widget_type=\"html.default\">\n\t\t\t\t<div class=\"elementor-widget-container\">\n\t\t\t<div class=\"bar\">\n  \n<\/div>\t\t<\/div>\n\t\t\t\t<\/div>\n\t\t\t\t\t<\/div>\n\t\t<\/div>\n\t\t\t\t\t<\/div>\n\t\t<\/section>\n\t\t\t\t<section class=\"elementor-section elementor-top-section elementor-element elementor-element-b058277 elementor-section-boxed elementor-section-height-default elementor-section-height-default\" data-id=\"b058277\" data-element_type=\"section\">\n\t\t\t\t\t\t<div class=\"elementor-container elementor-column-gap-default\">\n\t\t\t\t\t<div class=\"elementor-column elementor-col-100 elementor-top-column elementor-element elementor-element-dfa2d7a\" data-id=\"dfa2d7a\" data-element_type=\"column\">\n\t\t\t<div class=\"elementor-widget-wrap elementor-element-populated\">\n\t\t\t\t\t\t<div class=\"elementor-element elementor-element-9f92395 elementor-widget elementor-widget-html\" data-id=\"9f92395\" data-element_type=\"widget\" data-widget_type=\"html.default\">\n\t\t\t\t<div class=\"elementor-widget-container\">\n\t\t\t<div class=\"rectangle4\">\n  <iframe id=\"creavid\" src=\"https:\/\/player.vimeo.com\/video\/379195090?h=fded5d5aa6\" frameborder=\"0\" allow=\"autoplay; fullscreen; picture-in-picture\" allowfullscreen><\/iframe>\n   <p class=\"titre3\">CLIP \u2018SOULS\u2019 DE PEOPLE UNDERGROUND<\/p>\n<\/div>\n\t\t<\/div>\n\t\t\t\t<\/div>\n\t\t\t\t\t<\/div>\n\t\t<\/div>\n\t\t\t\t\t<\/div>\n\t\t<\/section>\n\t\t\t\t<section class=\"elementor-section elementor-top-section elementor-element elementor-element-5589f8a elementor-section-boxed elementor-section-height-default elementor-section-height-default\" data-id=\"5589f8a\" data-element_type=\"section\">\n\t\t\t\t\t\t<div class=\"elementor-container elementor-column-gap-default\">\n\t\t\t\t\t<div class=\"elementor-column elementor-col-100 elementor-top-column elementor-element elementor-element-d645bc3\" data-id=\"d645bc3\" data-element_type=\"column\">\n\t\t\t<div class=\"elementor-widget-wrap elementor-element-populated\">\n\t\t\t\t\t\t<div class=\"elementor-element elementor-element-70d4ccd elementor-widget elementor-widget-html\" data-id=\"70d4ccd\" data-element_type=\"widget\" data-widget_type=\"html.default\">\n\t\t\t\t<div class=\"elementor-widget-container\">\n\t\t\t<div class=\"bar\">\n  \n<\/div>\t\t<\/div>\n\t\t\t\t<\/div>\n\t\t\t\t\t<\/div>\n\t\t<\/div>\n\t\t\t\t\t<\/div>\n\t\t<\/section>\n\t\t\t\t<section class=\"elementor-section elementor-top-section elementor-element elementor-element-920cc5d elementor-section-boxed elementor-section-height-default elementor-section-height-default\" data-id=\"920cc5d\" data-element_type=\"section\">\n\t\t\t\t\t\t<div class=\"elementor-container elementor-column-gap-default\">\n\t\t\t\t\t<div class=\"elementor-column elementor-col-100 elementor-top-column elementor-element elementor-element-d7c4829\" data-id=\"d7c4829\" data-element_type=\"column\">\n\t\t\t<div class=\"elementor-widget-wrap elementor-element-populated\">\n\t\t\t\t\t\t<div class=\"elementor-element elementor-element-e20319d elementor-widget elementor-widget-html\" data-id=\"e20319d\" data-element_type=\"widget\" data-widget_type=\"html.default\">\n\t\t\t\t<div class=\"elementor-widget-container\">\n\t\t\t<div class=\"rectangle4\">\n <iframe id=\"creavid\" src=\"https:\/\/player.vimeo.com\/video\/128494557?h=81bd6e2e82\"  frameborder=\"0\" allow=\"autoplay; fullscreen; picture-in-picture\" allowfullscreen><\/iframe>\n\n   <p class=\"titre3\">ATELIER CIN\u00c9MA \u2018L\u2019\u00c2ME DU LAC\u2019<\/p>\n<\/div>\t\t<\/div>\n\t\t\t\t<\/div>\n\t\t\t\t\t<\/div>\n\t\t<\/div>\n\t\t\t\t\t<\/div>\n\t\t<\/section>\n\t\t\t\t<section class=\"elementor-section elementor-top-section elementor-element elementor-element-aa727cc elementor-section-boxed elementor-section-height-default elementor-section-height-default\" data-id=\"aa727cc\" data-element_type=\"section\">\n\t\t\t\t\t\t<div class=\"elementor-container elementor-column-gap-default\">\n\t\t\t\t\t<div class=\"elementor-column elementor-col-100 elementor-top-column elementor-element elementor-element-c7d79e0\" data-id=\"c7d79e0\" data-element_type=\"column\">\n\t\t\t<div class=\"elementor-widget-wrap elementor-element-populated\">\n\t\t\t\t\t\t<div class=\"elementor-element elementor-element-60a8a96 elementor-widget elementor-widget-html\" data-id=\"60a8a96\" data-element_type=\"widget\" data-widget_type=\"html.default\">\n\t\t\t\t<div class=\"elementor-widget-container\">\n\t\t\t<div class=\"bar\">\n  \n<\/div>\t\t<\/div>\n\t\t\t\t<\/div>\n\t\t\t\t\t<\/div>\n\t\t<\/div>\n\t\t\t\t\t<\/div>\n\t\t<\/section>\n\t\t\t\t<section class=\"elementor-section elementor-top-section elementor-element elementor-element-9ec0135 elementor-section-boxed elementor-section-height-default elementor-section-height-default\" data-id=\"9ec0135\" data-element_type=\"section\">\n\t\t\t\t\t\t<div class=\"elementor-container elementor-column-gap-default\">\n\t\t\t\t\t<div class=\"elementor-column elementor-col-100 elementor-top-column elementor-element elementor-element-b5eed2f\" data-id=\"b5eed2f\" data-element_type=\"column\">\n\t\t\t<div class=\"elementor-widget-wrap elementor-element-populated\">\n\t\t\t\t\t\t<div class=\"elementor-element elementor-element-55f80c1 elementor-widget elementor-widget-html\" data-id=\"55f80c1\" data-element_type=\"widget\" data-widget_type=\"html.default\">\n\t\t\t\t<div class=\"elementor-widget-container\">\n\t\t\t<div class=\"rectangle4\">\n <iframe id=\"creavid\" src=\"https:\/\/player.vimeo.com\/video\/82539005?h=8187fb997d\" frameborder=\"0\" allow=\"autoplay; fullscreen; picture-in-picture\" allowfullscreen><\/iframe>\n   <p class=\"titre3\">COURT-M\u00c9TRAGE \u2018VOISINS\u2019<\/p>\n<\/div>\t\t<\/div>\n\t\t\t\t<\/div>\n\t\t\t\t\t<\/div>\n\t\t<\/div>\n\t\t\t\t\t<\/div>\n\t\t<\/section>\n\t\t\t\t<section class=\"elementor-section elementor-top-section elementor-element elementor-element-7862375 elementor-section-boxed elementor-section-height-default elementor-section-height-default\" data-id=\"7862375\" data-element_type=\"section\">\n\t\t\t\t\t\t<div class=\"elementor-container elementor-column-gap-default\">\n\t\t\t\t\t<div class=\"elementor-column elementor-col-100 elementor-top-column elementor-element elementor-element-ac7bbea\" data-id=\"ac7bbea\" data-element_type=\"column\">\n\t\t\t<div class=\"elementor-widget-wrap elementor-element-populated\">\n\t\t\t\t\t\t<div class=\"elementor-element elementor-element-53c5f72 elementor-widget elementor-widget-html\" data-id=\"53c5f72\" data-element_type=\"widget\" data-widget_type=\"html.default\">\n\t\t\t\t<div class=\"elementor-widget-container\">\n\t\t\t<div class=\"bar\">\n  \n<\/div>\t\t<\/div>\n\t\t\t\t<\/div>\n\t\t\t\t\t<\/div>\n\t\t<\/div>\n\t\t\t\t\t<\/div>\n\t\t<\/section>\n\t\t\t\t<section class=\"elementor-section elementor-top-section elementor-element elementor-element-3638011 elementor-section-boxed elementor-section-height-default elementor-section-height-default\" data-id=\"3638011\" data-element_type=\"section\">\n\t\t\t\t\t\t<div class=\"elementor-container elementor-column-gap-default\">\n\t\t\t\t\t<div class=\"elementor-column elementor-col-100 elementor-top-column elementor-element elementor-element-b0a174d\" data-id=\"b0a174d\" data-element_type=\"column\">\n\t\t\t<div class=\"elementor-widget-wrap elementor-element-populated\">\n\t\t\t\t\t\t<div class=\"elementor-element elementor-element-4b0a026 elementor-widget elementor-widget-html\" data-id=\"4b0a026\" data-element_type=\"widget\" data-widget_type=\"html.default\">\n\t\t\t\t<div class=\"elementor-widget-container\">\n\t\t\t<div class=\"rectangle4\">\n <iframe id=\"creavid\" src=\"https:\/\/player.vimeo.com\/video\/47661071?h=ea87c12b9a\"  frameborder=\"0\" allow=\"autoplay; fullscreen; picture-in-picture\" allowfullscreen><\/iframe>\n\n   <p class=\"titre3\">CLIP \u2018CALL ME\u2019 DE PEGGY LEE COOPER<\/p>\n<\/div>\t\t<\/div>\n\t\t\t\t<\/div>\n\t\t\t\t\t<\/div>\n\t\t<\/div>\n\t\t\t\t\t<\/div>\n\t\t<\/section>\n\t\t\t\t<section class=\"elementor-section elementor-top-section elementor-element elementor-element-33d5d69 elementor-section-boxed elementor-section-height-default elementor-section-height-default\" data-id=\"33d5d69\" data-element_type=\"section\">\n\t\t\t\t\t\t<div class=\"elementor-container elementor-column-gap-default\">\n\t\t\t\t\t<div class=\"elementor-column elementor-col-100 elementor-top-column elementor-element elementor-element-de3fa42\" data-id=\"de3fa42\" data-element_type=\"column\">\n\t\t\t<div class=\"elementor-widget-wrap elementor-element-populated\">\n\t\t\t\t\t\t<div class=\"elementor-element elementor-element-135630f elementor-widget elementor-widget-html\" data-id=\"135630f\" data-element_type=\"widget\" data-widget_type=\"html.default\">\n\t\t\t\t<div class=\"elementor-widget-container\">\n\t\t\t<div class=\"bar\">\n  \n<\/div>\t\t<\/div>\n\t\t\t\t<\/div>\n\t\t\t\t\t<\/div>\n\t\t<\/div>\n\t\t\t\t\t<\/div>\n\t\t<\/section>\n\t\t\t\t<section class=\"elementor-section elementor-top-section elementor-element elementor-element-963d6c9 elementor-section-boxed elementor-section-height-default elementor-section-height-default\" data-id=\"963d6c9\" data-element_type=\"section\">\n\t\t\t\t\t\t<div class=\"elementor-container elementor-column-gap-default\">\n\t\t\t\t\t<div class=\"elementor-column elementor-col-100 elementor-top-column elementor-element elementor-element-d9b0578\" data-id=\"d9b0578\" data-element_type=\"column\">\n\t\t\t<div class=\"elementor-widget-wrap elementor-element-populated\">\n\t\t\t\t\t\t<div class=\"elementor-element elementor-element-c1f382e elementor-widget elementor-widget-html\" data-id=\"c1f382e\" data-element_type=\"widget\" data-widget_type=\"html.default\">\n\t\t\t\t<div class=\"elementor-widget-container\">\n\t\t\t<div class=\"rectangle4\">\n<iframe id=\"creavid\" src=\"https:\/\/player.vimeo.com\/video\/49305658?h=b5304a22ea\"  frameborder=\"0\" allow=\"autoplay; fullscreen; picture-in-picture\" allowfullscreen><\/iframe>\n   <p class=\"titre3\">ATELIER CIN\u00c9MA \u2018AURORE D\u2019UNE R\u00c9ALIT\u00c9\u2019<\/p>\n<\/div>\t\t<\/div>\n\t\t\t\t<\/div>\n\t\t\t\t\t<\/div>\n\t\t<\/div>\n\t\t\t\t\t<\/div>\n\t\t<\/section>\n\t\t\t\t<section class=\"elementor-section elementor-top-section elementor-element elementor-element-8999886 elementor-section-boxed elementor-section-height-default elementor-section-height-default\" data-id=\"8999886\" data-element_type=\"section\">\n\t\t\t\t\t\t<div class=\"elementor-container elementor-column-gap-default\">\n\t\t\t\t\t<div class=\"elementor-column elementor-col-100 elementor-top-column elementor-element elementor-element-6c62773\" data-id=\"6c62773\" data-element_type=\"column\">\n\t\t\t<div class=\"elementor-widget-wrap elementor-element-populated\">\n\t\t\t\t\t\t<div class=\"elementor-element elementor-element-e537db2 elementor-widget elementor-widget-html\" data-id=\"e537db2\" data-element_type=\"widget\" data-widget_type=\"html.default\">\n\t\t\t\t<div class=\"elementor-widget-container\">\n\t\t\t<div class=\"bar\">\n  \n<\/div>\t\t<\/div>\n\t\t\t\t<\/div>\n\t\t\t\t\t<\/div>\n\t\t<\/div>\n\t\t\t\t\t<\/div>\n\t\t<\/section>\n\t\t\t\t<section class=\"elementor-section elementor-top-section elementor-element elementor-element-6a63604 elementor-section-boxed elementor-section-height-default elementor-section-height-default\" data-id=\"6a63604\" data-element_type=\"section\">\n\t\t\t\t\t\t<div class=\"elementor-container elementor-column-gap-default\">\n\t\t\t\t\t<div class=\"elementor-column elementor-col-100 elementor-top-column elementor-element elementor-element-99c2240\" data-id=\"99c2240\" data-element_type=\"column\">\n\t\t\t<div class=\"elementor-widget-wrap elementor-element-populated\">\n\t\t\t\t\t\t<div class=\"elementor-element elementor-element-89b541c elementor-widget elementor-widget-html\" data-id=\"89b541c\" data-element_type=\"widget\" data-widget_type=\"html.default\">\n\t\t\t\t<div class=\"elementor-widget-container\">\n\t\t\t<div class=\"rectangle4\">\n<iframe id=\"creavid\" src=\"https:\/\/player.vimeo.com\/video\/31929601?h=f967be2471\" frameborder=\"0\" allow=\"autoplay; fullscreen; picture-in-picture\" allowfullscreen><\/iframe>\n\n   <p class=\"titre3\">CLIP \u2018FOOLS AND DEMI-GODS\u2019 DE BLEEDING HEARTS SYNDICATE\n<\/p>\n<\/div>\t\t<\/div>\n\t\t\t\t<\/div>\n\t\t\t\t\t<\/div>\n\t\t<\/div>\n\t\t\t\t\t<\/div>\n\t\t<\/section>\n\t\t\t\t<section class=\"elementor-section elementor-top-section elementor-element elementor-element-e64872f elementor-section-boxed elementor-section-height-default elementor-section-height-default\" data-id=\"e64872f\" data-element_type=\"section\">\n\t\t\t\t\t\t<div class=\"elementor-container elementor-column-gap-default\">\n\t\t\t\t\t<div class=\"elementor-column elementor-col-100 elementor-top-column elementor-element elementor-element-cf1a847\" data-id=\"cf1a847\" data-element_type=\"column\">\n\t\t\t<div class=\"elementor-widget-wrap elementor-element-populated\">\n\t\t\t\t\t\t<div class=\"elementor-element elementor-element-d239717 elementor-widget elementor-widget-html\" data-id=\"d239717\" data-element_type=\"widget\" data-widget_type=\"html.default\">\n\t\t\t\t<div class=\"elementor-widget-container\">\n\t\t\t<div class=\"bar\">\n  \n<\/div>\t\t<\/div>\n\t\t\t\t<\/div>\n\t\t\t\t\t<\/div>\n\t\t<\/div>\n\t\t\t\t\t<\/div>\n\t\t<\/section>\n\t\t\t\t<\/div>\n\t\t","protected":false},"excerpt":{"rendered":"<p>CADUC\u00c9A Caducea est un court m\u00e9trage ind\u00e9pendant belge, produit en interne en 2015 et sorti&hellip;<\/p>\n","protected":false},"author":1,"featured_media":0,"parent":0,"menu_order":0,"comment_status":"closed","ping_status":"closed","template":"","meta":[],"yoast_head":"<!-- This site is optimized with the Yoast SEO plugin v20.2.1 - https:\/\/yoast.com\/wordpress\/plugins\/seo\/ -->\n<title>Cr\u00e9ation - Mefamo<\/title>\n<meta name=\"robots\" content=\"index, follow, max-snippet:-1, max-image-preview:large, max-video-preview:-1\" \/>\n<link rel=\"canonical\" href=\"https:\/\/www.mefamo.be\/MFMarts\/creation\/\" \/>\n<meta property=\"og:locale\" content=\"fr_FR\" \/>\n<meta property=\"og:type\" content=\"article\" \/>\n<meta property=\"og:title\" content=\"Cr\u00e9ation - Mefamo\" \/>\n<meta property=\"og:description\" content=\"CADUC\u00c9A Caducea est un court m\u00e9trage ind\u00e9pendant belge, produit en interne en 2015 et sorti&hellip;\" \/>\n<meta property=\"og:url\" content=\"https:\/\/www.mefamo.be\/MFMarts\/creation\/\" \/>\n<meta property=\"og:site_name\" content=\"Mefamo\" \/>\n<meta property=\"article:modified_time\" content=\"2023-03-31T11:00:25+00:00\" \/>\n<meta property=\"og:image\" content=\"https:\/\/zupimages.net\/up\/23\/13\/pja1.png\" \/>\n<meta name=\"twitter:card\" content=\"summary_large_image\" \/>\n<meta name=\"twitter:label1\" content=\"Dur\u00e9e de lecture estim\u00e9e\" \/>\n\t<meta name=\"twitter:data1\" content=\"2 minutes\" \/>\n<script type=\"application\/ld+json\" class=\"yoast-schema-graph\">{\"@context\":\"https:\/\/schema.org\",\"@graph\":[{\"@type\":\"WebPage\",\"@id\":\"https:\/\/www.mefamo.be\/MFMarts\/creation\/\",\"url\":\"https:\/\/www.mefamo.be\/MFMarts\/creation\/\",\"name\":\"Cr\u00e9ation - Mefamo\",\"isPartOf\":{\"@id\":\"https:\/\/www.mefamo.be\/MFMarts\/#website\"},\"datePublished\":\"2023-03-31T08:00:11+00:00\",\"dateModified\":\"2023-03-31T11:00:25+00:00\",\"breadcrumb\":{\"@id\":\"https:\/\/www.mefamo.be\/MFMarts\/creation\/#breadcrumb\"},\"inLanguage\":\"fr-FR\",\"potentialAction\":[{\"@type\":\"ReadAction\",\"target\":[\"https:\/\/www.mefamo.be\/MFMarts\/creation\/\"]}]},{\"@type\":\"BreadcrumbList\",\"@id\":\"https:\/\/www.mefamo.be\/MFMarts\/creation\/#breadcrumb\",\"itemListElement\":[{\"@type\":\"ListItem\",\"position\":1,\"name\":\"Accueil\",\"item\":\"https:\/\/www.mefamo.be\/MFMarts\/\"},{\"@type\":\"ListItem\",\"position\":2,\"name\":\"Cr\u00e9ation\"}]},{\"@type\":\"WebSite\",\"@id\":\"https:\/\/www.mefamo.be\/MFMarts\/#website\",\"url\":\"https:\/\/www.mefamo.be\/MFMarts\/\",\"name\":\"Mefamo\",\"description\":\"L&#039;imaginaire en mouvement\",\"publisher\":{\"@id\":\"https:\/\/www.mefamo.be\/MFMarts\/#organization\"},\"potentialAction\":[{\"@type\":\"SearchAction\",\"target\":{\"@type\":\"EntryPoint\",\"urlTemplate\":\"https:\/\/www.mefamo.be\/MFMarts\/?s={search_term_string}\"},\"query-input\":\"required name=search_term_string\"}],\"inLanguage\":\"fr-FR\"},{\"@type\":\"Organization\",\"@id\":\"https:\/\/www.mefamo.be\/MFMarts\/#organization\",\"name\":\"Mefamo\",\"url\":\"https:\/\/www.mefamo.be\/MFMarts\/\",\"logo\":{\"@type\":\"ImageObject\",\"inLanguage\":\"fr-FR\",\"@id\":\"https:\/\/www.mefamo.be\/MFMarts\/#\/schema\/logo\/image\/\",\"url\":\"http:\/\/www.mefamo.be\/MFMarts\/wp-content\/uploads\/2016\/09\/Logo-Mefamo-e1474883034358.png\",\"contentUrl\":\"http:\/\/www.mefamo.be\/MFMarts\/wp-content\/uploads\/2016\/09\/Logo-Mefamo-e1474883034358.png\",\"width\":178,\"height\":50,\"caption\":\"Mefamo\"},\"image\":{\"@id\":\"https:\/\/www.mefamo.be\/MFMarts\/#\/schema\/logo\/image\/\"}}]}<\/script>\n<!-- \/ Yoast SEO plugin. -->","yoast_head_json":{"title":"Cr\u00e9ation - Mefamo","robots":{"index":"index","follow":"follow","max-snippet":"max-snippet:-1","max-image-preview":"max-image-preview:large","max-video-preview":"max-video-preview:-1"},"canonical":"https:\/\/www.mefamo.be\/MFMarts\/creation\/","og_locale":"fr_FR","og_type":"article","og_title":"Cr\u00e9ation - Mefamo","og_description":"CADUC\u00c9A Caducea est un court m\u00e9trage ind\u00e9pendant belge, produit en interne en 2015 et sorti&hellip;","og_url":"https:\/\/www.mefamo.be\/MFMarts\/creation\/","og_site_name":"Mefamo","article_modified_time":"2023-03-31T11:00:25+00:00","og_image":[{"url":"https:\/\/zupimages.net\/up\/23\/13\/pja1.png"}],"twitter_card":"summary_large_image","twitter_misc":{"Dur\u00e9e de lecture estim\u00e9e":"2 minutes"},"schema":{"@context":"https:\/\/schema.org","@graph":[{"@type":"WebPage","@id":"https:\/\/www.mefamo.be\/MFMarts\/creation\/","url":"https:\/\/www.mefamo.be\/MFMarts\/creation\/","name":"Cr\u00e9ation - Mefamo","isPartOf":{"@id":"https:\/\/www.mefamo.be\/MFMarts\/#website"},"datePublished":"2023-03-31T08:00:11+00:00","dateModified":"2023-03-31T11:00:25+00:00","breadcrumb":{"@id":"https:\/\/www.mefamo.be\/MFMarts\/creation\/#breadcrumb"},"inLanguage":"fr-FR","potentialAction":[{"@type":"ReadAction","target":["https:\/\/www.mefamo.be\/MFMarts\/creation\/"]}]},{"@type":"BreadcrumbList","@id":"https:\/\/www.mefamo.be\/MFMarts\/creation\/#breadcrumb","itemListElement":[{"@type":"ListItem","position":1,"name":"Accueil","item":"https:\/\/www.mefamo.be\/MFMarts\/"},{"@type":"ListItem","position":2,"name":"Cr\u00e9ation"}]},{"@type":"WebSite","@id":"https:\/\/www.mefamo.be\/MFMarts\/#website","url":"https:\/\/www.mefamo.be\/MFMarts\/","name":"Mefamo","description":"L&#039;imaginaire en mouvement","publisher":{"@id":"https:\/\/www.mefamo.be\/MFMarts\/#organization"},"potentialAction":[{"@type":"SearchAction","target":{"@type":"EntryPoint","urlTemplate":"https:\/\/www.mefamo.be\/MFMarts\/?s={search_term_string}"},"query-input":"required name=search_term_string"}],"inLanguage":"fr-FR"},{"@type":"Organization","@id":"https:\/\/www.mefamo.be\/MFMarts\/#organization","name":"Mefamo","url":"https:\/\/www.mefamo.be\/MFMarts\/","logo":{"@type":"ImageObject","inLanguage":"fr-FR","@id":"https:\/\/www.mefamo.be\/MFMarts\/#\/schema\/logo\/image\/","url":"http:\/\/www.mefamo.be\/MFMarts\/wp-content\/uploads\/2016\/09\/Logo-Mefamo-e1474883034358.png","contentUrl":"http:\/\/www.mefamo.be\/MFMarts\/wp-content\/uploads\/2016\/09\/Logo-Mefamo-e1474883034358.png","width":178,"height":50,"caption":"Mefamo"},"image":{"@id":"https:\/\/www.mefamo.be\/MFMarts\/#\/schema\/logo\/image\/"}}]}},"_links":{"self":[{"href":"http:\/\/www.mefamo.be\/MFMarts\/wp-json\/wp\/v2\/pages\/3986"}],"collection":[{"href":"http:\/\/www.mefamo.be\/MFMarts\/wp-json\/wp\/v2\/pages"}],"about":[{"href":"http:\/\/www.mefamo.be\/MFMarts\/wp-json\/wp\/v2\/types\/page"}],"author":[{"embeddable":true,"href":"http:\/\/www.mefamo.be\/MFMarts\/wp-json\/wp\/v2\/users\/1"}],"replies":[{"embeddable":true,"href":"http:\/\/www.mefamo.be\/MFMarts\/wp-json\/wp\/v2\/comments?post=3986"}],"version-history":[{"count":89,"href":"http:\/\/www.mefamo.be\/MFMarts\/wp-json\/wp\/v2\/pages\/3986\/revisions"}],"predecessor-version":[{"id":4423,"href":"http:\/\/www.mefamo.be\/MFMarts\/wp-json\/wp\/v2\/pages\/3986\/revisions\/4423"}],"wp:attachment":[{"href":"http:\/\/www.mefamo.be\/MFMarts\/wp-json\/wp\/v2\/media?parent=3986"}],"curies":[{"name":"wp","href":"https:\/\/api.w.org\/{rel}","templated":true}]}}