{"id":3326,"date":"2022-06-27T12:56:18","date_gmt":"2022-06-27T11:56:18","guid":{"rendered":"https:\/\/www.mefamo.be\/MFMarts\/?page_id=3326"},"modified":"2023-04-05T18:20:27","modified_gmt":"2023-04-05T17:20:27","slug":"developpement","status":"publish","type":"page","link":"http:\/\/www.mefamo.be\/MFMarts\/developpement\/","title":{"rendered":"D\u00e9veloppement"},"content":{"rendered":"\t\t<div data-elementor-type=\"wp-page\" data-elementor-id=\"3326\" class=\"elementor elementor-3326\">\n\t\t\t\t\t\t<section class=\"elementor-section elementor-top-section elementor-element elementor-element-77d3a1fa elementor-section-boxed elementor-section-height-default elementor-section-height-default\" data-id=\"77d3a1fa\" data-element_type=\"section\">\n\t\t\t\t\t\t<div class=\"elementor-container elementor-column-gap-default\">\n\t\t\t\t\t<div class=\"elementor-column elementor-col-100 elementor-top-column elementor-element elementor-element-f182db7\" data-id=\"f182db7\" data-element_type=\"column\">\n\t\t\t<div class=\"elementor-widget-wrap elementor-element-populated\">\n\t\t\t\t\t\t<div class=\"elementor-element elementor-element-9752835 elementor-widget elementor-widget-html\" data-id=\"9752835\" data-element_type=\"widget\" data-widget_type=\"html.default\">\n\t\t\t\t<div class=\"elementor-widget-container\">\n\t\t\t<img decoding=\"async\" class=\"dvlpimg\" src=\"https:\/\/zupimages.net\/up\/23\/13\/37wf.png\"\/>\n  \n<div class=\"dvlprect\">\n    <p>\n        Le Laboratoire Chim\u00e9rique est une structure aidant au d\u00e9veloppement de fictions et de projets narratifs, qui se caract\u00e9rise par une vision tr\u00e8s compl\u00e9mentaire de la Production d\u00e8s les premi\u00e8res \u00e9tapes de la conception.\n        <\/br><\/br>\n        Un des objectifs du labo chim\u00e9rique est de g\u00e9n\u00e9rer tr\u00e8s t\u00f4t des interactions entre r\u00e9alisateurs, sc\u00e9naristes, concept artists, d\u00e9corateurs, propmakers, etc, pour d\u00e9finir le plus pr\u00e9cis\u00e9ment possible les besoins de l\u2019\u0153uvre. Nous travaillons sur l\u2019ad\u00e9quation des moyens techniques et des objectifs narratifs, en partant des interactions entre diff\u00e9rents arts illustrant les id\u00e9es et ses champs cr\u00e9atifs.<\/br><\/br>Ces allers-retours constants, ces partages, affinent l\u2019exploitation des concepts initiaux du r\u00e9cit, apportant des \u00e9l\u00e9ments de r\u00e9flexion concrets tr\u00e8s en amont. Les m\u00e9thodes sont construites \u00e0 partir des retours d\u2019exp\u00e9riences de professionnels aguerris*, conscients des diff\u00e9rents stades de vie d\u2019une \u0153uvre culturelle. Autant d\u2019interactions dynamiques d\u00e9complexant le parcours cr\u00e9atif, sans jamais oublier les aspects techniques, financiers et culturels.\n        <\/br><\/br>\n        Les m\u00e9thodes sont \u00e0 l\u2019essai depuis plusieurs mois maintenant. Nous avons le soutien \u2013 et la confiance \u2013 de beaucoup de nombreux auteurs et concept-artist sur la philosophie m\u00eame de ce que nous mettons en place, notre envie \u00e9tant d\u2019encadrer et de g\u00e9n\u00e9rer une dynamique propice \u00e0 un travail aussi riche que structur\u00e9.\n        <\/br><\/br>\n        Destin\u00e9e \u00e0 l\u2019origine aux professionnels, ces m\u00e9thodes ont \u00e9t\u00e9s tr\u00e8s vite d\u00e9clin\u00e9es pour devenir <a class=\"em\" href=\"http:\/\/www.mefamo.be\/MFMarts\/formation-atelier\/\"><u>des modules d\u2019initiation \u00e0 la cr\u00e9ation filmique ou vid\u00e9o-ludique, et des ateliers cr\u00e9atifs<\/u><\/a>.\n        \n    <\/p>\n    <a href=\"mailto:christophe@mefamo.be\/\"><img decoding=\"async\" class=\"dvlpbtn\" src=\"https:\/\/zupimages.net\/up\/23\/14\/an7q.png\"\/><\/a>\n<\/div>\t\t<\/div>\n\t\t\t\t<\/div>\n\t\t\t\t\t<\/div>\n\t\t<\/div>\n\t\t\t\t\t<\/div>\n\t\t<\/section>\n\t\t\t\t<section class=\"elementor-section elementor-top-section elementor-element elementor-element-0596b62 elementor-section-boxed elementor-section-height-default elementor-section-height-default\" data-id=\"0596b62\" data-element_type=\"section\">\n\t\t\t\t\t\t<div class=\"elementor-container elementor-column-gap-default\">\n\t\t\t\t\t<div class=\"elementor-column elementor-col-100 elementor-top-column elementor-element elementor-element-ccb48d1\" data-id=\"ccb48d1\" data-element_type=\"column\">\n\t\t\t<div class=\"elementor-widget-wrap\">\n\t\t\t\t\t\t\t<\/div>\n\t\t<\/div>\n\t\t\t\t\t<\/div>\n\t\t<\/section>\n\t\t\t\t<\/div>\n\t\t","protected":false},"excerpt":{"rendered":"<p>Le Laboratoire Chim\u00e9rique est une structure aidant au d\u00e9veloppement de fictions et de projets narratifs,&hellip;<\/p>\n","protected":false},"author":1,"featured_media":0,"parent":0,"menu_order":0,"comment_status":"closed","ping_status":"closed","template":"","meta":[],"yoast_head":"<!-- This site is optimized with the Yoast SEO plugin v20.2.1 - https:\/\/yoast.com\/wordpress\/plugins\/seo\/ -->\n<title>D\u00e9veloppement - Mefamo<\/title>\n<meta name=\"robots\" content=\"index, follow, max-snippet:-1, max-image-preview:large, max-video-preview:-1\" \/>\n<link rel=\"canonical\" href=\"http:\/\/www.mefamo.be\/MFMarts\/developpement\/\" \/>\n<meta property=\"og:locale\" content=\"fr_FR\" \/>\n<meta property=\"og:type\" content=\"article\" \/>\n<meta property=\"og:title\" content=\"D\u00e9veloppement - Mefamo\" \/>\n<meta property=\"og:description\" content=\"Le Laboratoire Chim\u00e9rique est une structure aidant au d\u00e9veloppement de fictions et de projets narratifs,&hellip;\" \/>\n<meta property=\"og:url\" content=\"http:\/\/www.mefamo.be\/MFMarts\/developpement\/\" \/>\n<meta property=\"og:site_name\" content=\"Mefamo\" \/>\n<meta property=\"article:modified_time\" content=\"2023-04-05T17:20:27+00:00\" \/>\n<meta property=\"og:image\" content=\"https:\/\/zupimages.net\/up\/23\/13\/37wf.png\" \/>\n<meta name=\"twitter:card\" content=\"summary_large_image\" \/>\n<meta name=\"twitter:label1\" content=\"Dur\u00e9e de lecture estim\u00e9e\" \/>\n\t<meta name=\"twitter:data1\" content=\"2 minutes\" \/>\n<script type=\"application\/ld+json\" class=\"yoast-schema-graph\">{\"@context\":\"https:\/\/schema.org\",\"@graph\":[{\"@type\":\"WebPage\",\"@id\":\"http:\/\/www.mefamo.be\/MFMarts\/developpement\/\",\"url\":\"http:\/\/www.mefamo.be\/MFMarts\/developpement\/\",\"name\":\"D\u00e9veloppement - Mefamo\",\"isPartOf\":{\"@id\":\"https:\/\/www.mefamo.be\/MFMarts\/#website\"},\"datePublished\":\"2022-06-27T11:56:18+00:00\",\"dateModified\":\"2023-04-05T17:20:27+00:00\",\"breadcrumb\":{\"@id\":\"http:\/\/www.mefamo.be\/MFMarts\/developpement\/#breadcrumb\"},\"inLanguage\":\"fr-FR\",\"potentialAction\":[{\"@type\":\"ReadAction\",\"target\":[\"http:\/\/www.mefamo.be\/MFMarts\/developpement\/\"]}]},{\"@type\":\"BreadcrumbList\",\"@id\":\"http:\/\/www.mefamo.be\/MFMarts\/developpement\/#breadcrumb\",\"itemListElement\":[{\"@type\":\"ListItem\",\"position\":1,\"name\":\"Accueil\",\"item\":\"https:\/\/www.mefamo.be\/MFMarts\/\"},{\"@type\":\"ListItem\",\"position\":2,\"name\":\"D\u00e9veloppement\"}]},{\"@type\":\"WebSite\",\"@id\":\"https:\/\/www.mefamo.be\/MFMarts\/#website\",\"url\":\"https:\/\/www.mefamo.be\/MFMarts\/\",\"name\":\"Mefamo\",\"description\":\"L&#039;imaginaire en mouvement\",\"publisher\":{\"@id\":\"https:\/\/www.mefamo.be\/MFMarts\/#organization\"},\"potentialAction\":[{\"@type\":\"SearchAction\",\"target\":{\"@type\":\"EntryPoint\",\"urlTemplate\":\"https:\/\/www.mefamo.be\/MFMarts\/?s={search_term_string}\"},\"query-input\":\"required name=search_term_string\"}],\"inLanguage\":\"fr-FR\"},{\"@type\":\"Organization\",\"@id\":\"https:\/\/www.mefamo.be\/MFMarts\/#organization\",\"name\":\"Mefamo\",\"url\":\"https:\/\/www.mefamo.be\/MFMarts\/\",\"logo\":{\"@type\":\"ImageObject\",\"inLanguage\":\"fr-FR\",\"@id\":\"https:\/\/www.mefamo.be\/MFMarts\/#\/schema\/logo\/image\/\",\"url\":\"http:\/\/www.mefamo.be\/MFMarts\/wp-content\/uploads\/2016\/09\/Logo-Mefamo-e1474883034358.png\",\"contentUrl\":\"http:\/\/www.mefamo.be\/MFMarts\/wp-content\/uploads\/2016\/09\/Logo-Mefamo-e1474883034358.png\",\"width\":178,\"height\":50,\"caption\":\"Mefamo\"},\"image\":{\"@id\":\"https:\/\/www.mefamo.be\/MFMarts\/#\/schema\/logo\/image\/\"}}]}<\/script>\n<!-- \/ Yoast SEO plugin. -->","yoast_head_json":{"title":"D\u00e9veloppement - Mefamo","robots":{"index":"index","follow":"follow","max-snippet":"max-snippet:-1","max-image-preview":"max-image-preview:large","max-video-preview":"max-video-preview:-1"},"canonical":"http:\/\/www.mefamo.be\/MFMarts\/developpement\/","og_locale":"fr_FR","og_type":"article","og_title":"D\u00e9veloppement - Mefamo","og_description":"Le Laboratoire Chim\u00e9rique est une structure aidant au d\u00e9veloppement de fictions et de projets narratifs,&hellip;","og_url":"http:\/\/www.mefamo.be\/MFMarts\/developpement\/","og_site_name":"Mefamo","article_modified_time":"2023-04-05T17:20:27+00:00","og_image":[{"url":"https:\/\/zupimages.net\/up\/23\/13\/37wf.png"}],"twitter_card":"summary_large_image","twitter_misc":{"Dur\u00e9e de lecture estim\u00e9e":"2 minutes"},"schema":{"@context":"https:\/\/schema.org","@graph":[{"@type":"WebPage","@id":"http:\/\/www.mefamo.be\/MFMarts\/developpement\/","url":"http:\/\/www.mefamo.be\/MFMarts\/developpement\/","name":"D\u00e9veloppement - Mefamo","isPartOf":{"@id":"https:\/\/www.mefamo.be\/MFMarts\/#website"},"datePublished":"2022-06-27T11:56:18+00:00","dateModified":"2023-04-05T17:20:27+00:00","breadcrumb":{"@id":"http:\/\/www.mefamo.be\/MFMarts\/developpement\/#breadcrumb"},"inLanguage":"fr-FR","potentialAction":[{"@type":"ReadAction","target":["http:\/\/www.mefamo.be\/MFMarts\/developpement\/"]}]},{"@type":"BreadcrumbList","@id":"http:\/\/www.mefamo.be\/MFMarts\/developpement\/#breadcrumb","itemListElement":[{"@type":"ListItem","position":1,"name":"Accueil","item":"https:\/\/www.mefamo.be\/MFMarts\/"},{"@type":"ListItem","position":2,"name":"D\u00e9veloppement"}]},{"@type":"WebSite","@id":"https:\/\/www.mefamo.be\/MFMarts\/#website","url":"https:\/\/www.mefamo.be\/MFMarts\/","name":"Mefamo","description":"L&#039;imaginaire en mouvement","publisher":{"@id":"https:\/\/www.mefamo.be\/MFMarts\/#organization"},"potentialAction":[{"@type":"SearchAction","target":{"@type":"EntryPoint","urlTemplate":"https:\/\/www.mefamo.be\/MFMarts\/?s={search_term_string}"},"query-input":"required name=search_term_string"}],"inLanguage":"fr-FR"},{"@type":"Organization","@id":"https:\/\/www.mefamo.be\/MFMarts\/#organization","name":"Mefamo","url":"https:\/\/www.mefamo.be\/MFMarts\/","logo":{"@type":"ImageObject","inLanguage":"fr-FR","@id":"https:\/\/www.mefamo.be\/MFMarts\/#\/schema\/logo\/image\/","url":"http:\/\/www.mefamo.be\/MFMarts\/wp-content\/uploads\/2016\/09\/Logo-Mefamo-e1474883034358.png","contentUrl":"http:\/\/www.mefamo.be\/MFMarts\/wp-content\/uploads\/2016\/09\/Logo-Mefamo-e1474883034358.png","width":178,"height":50,"caption":"Mefamo"},"image":{"@id":"https:\/\/www.mefamo.be\/MFMarts\/#\/schema\/logo\/image\/"}}]}},"_links":{"self":[{"href":"http:\/\/www.mefamo.be\/MFMarts\/wp-json\/wp\/v2\/pages\/3326"}],"collection":[{"href":"http:\/\/www.mefamo.be\/MFMarts\/wp-json\/wp\/v2\/pages"}],"about":[{"href":"http:\/\/www.mefamo.be\/MFMarts\/wp-json\/wp\/v2\/types\/page"}],"author":[{"embeddable":true,"href":"http:\/\/www.mefamo.be\/MFMarts\/wp-json\/wp\/v2\/users\/1"}],"replies":[{"embeddable":true,"href":"http:\/\/www.mefamo.be\/MFMarts\/wp-json\/wp\/v2\/comments?post=3326"}],"version-history":[{"count":39,"href":"http:\/\/www.mefamo.be\/MFMarts\/wp-json\/wp\/v2\/pages\/3326\/revisions"}],"predecessor-version":[{"id":5088,"href":"http:\/\/www.mefamo.be\/MFMarts\/wp-json\/wp\/v2\/pages\/3326\/revisions\/5088"}],"wp:attachment":[{"href":"http:\/\/www.mefamo.be\/MFMarts\/wp-json\/wp\/v2\/media?parent=3326"}],"curies":[{"name":"wp","href":"https:\/\/api.w.org\/{rel}","templated":true}]}}